{"id":6954,"date":"2019-12-18T08:43:17","date_gmt":"2019-12-18T08:43:17","guid":{"rendered":"https:\/\/baztan-bidasoa.com\/desarrollo\/?page_id=6954"},"modified":"2020-03-25T09:41:02","modified_gmt":"2020-03-25T09:41:02","slug":"molino-de-urdazubi-urdax","status":"publish","type":"page","link":"https:\/\/baztan-bidasoa.com\/desarrollo\/que-ver\/molinos\/molino-de-urdazubi-urdax\/","title":{"rendered":"Molino de Urdazubi-Urdax"},"content":{"rendered":"\t\t<div data-elementor-type=\"wp-page\" data-elementor-id=\"6954\" class=\"elementor elementor-6954\">\n\t\t\t\t\t\t<div class=\"elementor-inner\">\n\t\t\t\t<div class=\"elementor-section-wrap\">\n\t\t\t\t\t\t\t\t\t<section class=\"elementor-section elementor-top-section elementor-element elementor-element-7bd488fa elementor-section-boxed elementor-section-height-default elementor-section-height-default\" data-id=\"7bd488fa\" data-element_type=\"section\" data-settings=\"{&quot;jet_parallax_layout_list&quot;:[{&quot;jet_parallax_layout_image&quot;:{&quot;url&quot;:&quot;&quot;,&quot;id&quot;:&quot;&quot;},&quot;_id&quot;:&quot;541adcf&quot;,&quot;jet_parallax_layout_image_tablet&quot;:{&quot;url&quot;:&quot;&quot;,&quot;id&quot;:&quot;&quot;},&quot;jet_parallax_layout_image_mobile&quot;:{&quot;url&quot;:&quot;&quot;,&quot;id&quot;:&quot;&quot;},&quot;jet_parallax_layout_speed&quot;:{&quot;unit&quot;:&quot;%&quot;,&quot;size&quot;:50,&quot;sizes&quot;:[]},&quot;jet_parallax_layout_type&quot;:&quot;scroll&quot;,&quot;jet_parallax_layout_direction&quot;:null,&quot;jet_parallax_layout_fx_direction&quot;:null,&quot;jet_parallax_layout_z_index&quot;:&quot;&quot;,&quot;jet_parallax_layout_bg_x&quot;:50,&quot;jet_parallax_layout_bg_y&quot;:50,&quot;jet_parallax_layout_bg_size&quot;:&quot;auto&quot;,&quot;jet_parallax_layout_animation_prop&quot;:&quot;transform&quot;,&quot;jet_parallax_layout_on&quot;:[&quot;desktop&quot;,&quot;tablet&quot;],&quot;jet_parallax_layout_bg_x_tablet&quot;:&quot;&quot;,&quot;jet_parallax_layout_bg_x_mobile&quot;:&quot;&quot;,&quot;jet_parallax_layout_bg_y_tablet&quot;:&quot;&quot;,&quot;jet_parallax_layout_bg_y_mobile&quot;:&quot;&quot;,&quot;jet_parallax_layout_bg_size_tablet&quot;:&quot;&quot;,&quot;jet_parallax_layout_bg_size_mobile&quot;:&quot;&quot;}]}\">\n\t\t\t\t\t\t<div class=\"elementor-container elementor-column-gap-default\">\n\t\t\t\t\t\t\t<div class=\"elementor-row\">\n\t\t\t\t\t<div class=\"elementor-column elementor-col-50 elementor-top-column elementor-element elementor-element-3110b95a\" data-id=\"3110b95a\" data-element_type=\"column\">\n\t\t\t<div class=\"elementor-column-wrap elementor-element-populated\">\n\t\t\t\t\t\t\t<div class=\"elementor-widget-wrap\">\n\t\t\t\t\t\t<div class=\"elementor-element elementor-element-13945cfc elementor-widget elementor-widget-heading\" data-id=\"13945cfc\" data-element_type=\"widget\" data-widget_type=\"heading.default\">\n\t\t\t\t<div class=\"elementor-widget-container\">\n\t\t\t<h1 class=\"elementor-heading-title elementor-size-default\">Molino de Urdazubi-Urdax<\/h1>\t\t<\/div>\n\t\t\t\t<\/div>\n\t\t\t\t<div class=\"elementor-element elementor-element-6f9dc73f elementor-widget elementor-widget-text-editor\" data-id=\"6f9dc73f\" data-element_type=\"widget\" data-widget_type=\"text-editor.default\">\n\t\t\t\t<div class=\"elementor-widget-container\">\n\t\t\t\t\t\t\t\t<div class=\"elementor-text-editor elementor-clearfix\">\n\t\t\t\t<p>A lo largo de los siglos X y XI, se levant\u00f3 el Monasterio de\u00a0Urdazubi\/Urdax. Sus monjes se consagraron a la construcci\u00f3n de canales y puentes (de ah\u00ed su nombre UR eta ZUBI que significa agua y puente en euskera) y un molino, gracias al cual pudieron trabajar el hierro y moler el grano.<\/p><p>El molino se conserva en perfecto estado desde que en el siglo XVIII fuera reconstruido. \u00c9ste, no comenz\u00f3 a dar servicio a los caser\u00edos del lugar hasta el siglo XVIII, en que el molinero percib\u00eda el \u201csaskito\u201d o celem\u00edn como pago por su trabajo.<\/p><p>Actualmente se realizan visitas guiadas al molino, para verlo en funcionamiento. (<a href=\"http:\/\/www.urdax-dantxarinea.com\/\" target=\"_blank\" rel=\"noopener\">www.urdax-dantxarinea.com\/<\/a>\u00a0<a href=\"mailto:turismourdax@gmail.com\" target=\"_blank\" rel=\"noopener\">turismourdax@gmail.com\u00a0<\/a>\/ Tel. 00 34 948 599070).<\/p>\t\t\t\t\t<\/div>\n\t\t\t\t\t\t<\/div>\n\t\t\t\t<\/div>\n\t\t\t\t<div class=\"elementor-element elementor-element-3456519e elementor-skin-slideshow elementor-aspect-ratio-169 elementor-arrows-yes elementor-widget elementor-widget-media-carousel\" data-id=\"3456519e\" data-element_type=\"widget\" data-settings=\"{&quot;skin&quot;:&quot;slideshow&quot;,&quot;slides_to_scroll_tablet&quot;:&quot;1&quot;,&quot;slides_to_scroll_mobile&quot;:&quot;1&quot;,&quot;effect&quot;:&quot;slide&quot;,&quot;show_arrows&quot;:&quot;yes&quot;,&quot;speed&quot;:500,&quot;autoplay&quot;:&quot;yes&quot;,&quot;autoplay_speed&quot;:5000,&quot;loop&quot;:&quot;yes&quot;,&quot;pause_on_hover&quot;:&quot;yes&quot;,&quot;pause_on_interaction&quot;:&quot;yes&quot;,&quot;space_between&quot;:{&quot;unit&quot;:&quot;px&quot;,&quot;size&quot;:10,&quot;sizes&quot;:[]},&quot;space_between_tablet&quot;:{&quot;unit&quot;:&quot;px&quot;,&quot;size&quot;:10,&quot;sizes&quot;:[]},&quot;space_between_mobile&quot;:{&quot;unit&quot;:&quot;px&quot;,&quot;size&quot;:10,&quot;sizes&quot;:[]}}\" data-widget_type=\"media-carousel.default\">\n\t\t\t\t<div class=\"elementor-widget-container\">\n\t\t\t\t\t<div class=\"elementor-swiper\">\n\t\t\t<div class=\"elementor-main-swiper swiper-container\">\n\t\t\t\t<div class=\"swiper-wrapper\">\n\t\t\t\t\t\t\t\t\t\t\t<div class=\"swiper-slide\">\n\t\t\t\t\t\t\t\t\t<div class=\"elementor-carousel-image\" style=\"background-image: url(https:\/\/baztan-bidasoa.com\/desarrollo\/wp-content\/uploads\/2019\/12\/molino.jpg)\">\n\n\t\t\t\n\t\t\t\t\t<\/div>\n\t\t\t\t\t\t\t\t<\/div>\n\t\t\t\t\t\t\t\t\t<\/div>\n\t\t\t\t\t\t\t<\/div>\n\t\t<\/div>\n\t\t\t\t<\/div>\n\t\t\t\t<\/div>\n\t\t\t\t<div class=\"elementor-element elementor-element-9c7fae3 elementor-widget elementor-widget-text-editor\" data-id=\"9c7fae3\" data-element_type=\"widget\" data-widget_type=\"text-editor.default\">\n\t\t\t\t<div class=\"elementor-widget-container\">\n\t\t\t\t\t\t\t\t<div class=\"elementor-text-editor elementor-clearfix\">\n\t\t\t\t<p>Junto al molino, el Monasterio de San Salvador de Urdax,\u00a0el Museo y el claustro.\u00a0En su interior se expone una colecci\u00f3n permanente de pintura y escultura contempor\u00e1nea. Sobre el claustro, se ubica el Museo del Monasterio donde a trav\u00e9s de audiovisuales y paneles expositivos se muestra las historia de Urdazubi\/Urdax, su vinculaci\u00f3n con el\u00a0<a href=\"https:\/\/baztan-bidasoa.com\/desarrollo\/camino-de-santiago\/\">Camino de Santiago<\/a>\u00a0y su pasado mon\u00e1stico.<\/p><p>Y visita obligada es en Urdazubi adentrarse en la\u00a0<a href=\"https:\/\/baztan-bidasoa.com\/desarrollo\/que-hacer\/visitas-guiadas\/cuevas-de-urdax\/\">Cueva de Ikaburu.<\/a>\u00a0Descubierta en 1808 por un pastor, la gruta se origin\u00f3 hace unos 14.000 a\u00f1os gracias a la continua erosi\u00f3n del r\u00edo Urtxuma. Una visita guiada por sus galer\u00edas nos adentrar\u00e1 al 7\u00ba continente, a un mundo m\u00e1gico de estalactitas y estalagmitas.<\/p><p>Si nuestra intenci\u00f3n es quedarnos a comer en Urdazubi, recomendamos realizar la reserva en Restaurante\u00a0<a href=\"https:\/\/baztan-bidasoa.com\/desarrollo\/donde-comer\/koska-urdazubi\/\">La Koska<\/a>\u00a0o en\u00a0<a href=\"https:\/\/baztan-bidasoa.com\/desarrollo\/donde-comer\/nikolaurenea-urdazubi-urdax\/\">Nikolaurenea,<\/a>\u00a0junto al canal, especialistas en carnes y pescados a la brasa.<\/p>\t\t\t\t\t<\/div>\n\t\t\t\t\t\t<\/div>\n\t\t\t\t<\/div>\n\t\t\t\t\t\t<\/div>\n\t\t\t\t\t<\/div>\n\t\t<\/div>\n\t\t\t\t<div class=\"elementor-column elementor-col-50 elementor-top-column elementor-element elementor-element-22fd8e53\" data-id=\"22fd8e53\" data-element_type=\"column\">\n\t\t\t<div class=\"elementor-column-wrap elementor-element-populated\">\n\t\t\t\t\t\t\t<div class=\"elementor-widget-wrap\">\n\t\t\t\t\t\t<div class=\"elementor-element elementor-element-659d98a9 elementor-widget elementor-widget-sidebar\" data-id=\"659d98a9\" data-element_type=\"widget\" data-widget_type=\"sidebar.default\">\n\t\t\t\t<div class=\"elementor-widget-container\">\n\t\t\t<aside id=\"elementor-library-3\" class=\"widget widget_elementor-library\">\t\t<div data-elementor-type=\"section\" data-elementor-id=\"5551\" class=\"elementor elementor-5551\">\n\t\t\t\t\t<div class=\"elementor-section-wrap\">\n\t\t\t\t\t\t\t\t<section class=\"elementor-section elementor-top-section elementor-element elementor-element-bc8de0c elementor-section-boxed elementor-section-height-default elementor-section-height-default\" data-id=\"bc8de0c\" data-element_type=\"section\" data-settings=\"{&quot;jet_parallax_layout_list&quot;:[{&quot;jet_parallax_layout_image&quot;:{&quot;url&quot;:&quot;&quot;,&quot;id&quot;:&quot;&quot;},&quot;_id&quot;:&quot;d4b65a7&quot;,&quot;jet_parallax_layout_image_tablet&quot;:{&quot;url&quot;:&quot;&quot;,&quot;id&quot;:&quot;&quot;},&quot;jet_parallax_layout_image_mobile&quot;:{&quot;url&quot;:&quot;&quot;,&quot;id&quot;:&quot;&quot;},&quot;jet_parallax_layout_speed&quot;:{&quot;unit&quot;:&quot;%&quot;,&quot;size&quot;:50,&quot;sizes&quot;:[]},&quot;jet_parallax_layout_type&quot;:&quot;scroll&quot;,&quot;jet_parallax_layout_direction&quot;:null,&quot;jet_parallax_layout_fx_direction&quot;:null,&quot;jet_parallax_layout_z_index&quot;:&quot;&quot;,&quot;jet_parallax_layout_bg_x&quot;:50,&quot;jet_parallax_layout_bg_x_tablet&quot;:&quot;&quot;,&quot;jet_parallax_layout_bg_x_mobile&quot;:&quot;&quot;,&quot;jet_parallax_layout_bg_y&quot;:50,&quot;jet_parallax_layout_bg_y_tablet&quot;:&quot;&quot;,&quot;jet_parallax_layout_bg_y_mobile&quot;:&quot;&quot;,&quot;jet_parallax_layout_bg_size&quot;:&quot;auto&quot;,&quot;jet_parallax_layout_bg_size_tablet&quot;:&quot;&quot;,&quot;jet_parallax_layout_bg_size_mobile&quot;:&quot;&quot;,&quot;jet_parallax_layout_animation_prop&quot;:&quot;transform&quot;,&quot;jet_parallax_layout_on&quot;:[&quot;desktop&quot;,&quot;tablet&quot;]}]}\">\n\t\t\t\t\t\t<div class=\"elementor-container elementor-column-gap-default\">\n\t\t\t\t\t\t\t<div class=\"elementor-row\">\n\t\t\t\t\t<div class=\"elementor-column elementor-col-100 elementor-top-column elementor-element elementor-element-572d625\" data-id=\"572d625\" data-element_type=\"column\">\n\t\t\t<div class=\"elementor-column-wrap elementor-element-populated\">\n\t\t\t\t\t\t\t<div class=\"elementor-widget-wrap\">\n\t\t\t\t\t\t<div class=\"elementor-element elementor-element-72743f5 elementor-widget elementor-widget-image\" data-id=\"72743f5\" data-element_type=\"widget\" data-widget_type=\"image.default\">\n\t\t\t\t<div class=\"elementor-widget-container\">\n\t\t\t\t\t\t\t\t<div class=\"elementor-image\">\n\t\t\t\t\t\t\t\t\t\t\t\t\t<a href=\"https:\/\/baztan-bidasoa.com\/desarrollo\/wp-content\/uploads\/2022\/03\/Bisitagidatuak-20-pala.-Eskuorria.pdf\">\n\t\t\t\t\t\t\t<img decoding=\"async\" width=\"250\" height=\"275\" src=\"https:\/\/baztan-bidasoa.com\/desarrollo\/wp-content\/uploads\/2022\/04\/BISITA-GIDATUAK.png\" class=\"attachment-large size-large\" alt=\"\" loading=\"lazy\" \/>\t\t\t\t\t\t\t\t<\/a>\n\t\t\t\t\t\t\t\t\t\t\t\t\t\t<\/div>\n\t\t\t\t\t\t<\/div>\n\t\t\t\t<\/div>\n\t\t\t\t<div class=\"elementor-element elementor-element-8f2b15a elementor-widget elementor-widget-facebook-page\" data-id=\"8f2b15a\" data-element_type=\"widget\" data-widget_type=\"facebook-page.default\">\n\t\t\t\t<div class=\"elementor-widget-container\">\n\t\t\t<div class=\"elementor-facebook-widget fb-page\" data-href=\"https:\/\/www.facebook.com\/baztanbidasoaturismo\/\" data-tabs=\"timeline\" data-height=\"475px\" data-width=\"500px\" data-small-header=\"false\" data-hide-cover=\"false\" data-show-facepile=\"true\" data-hide-cta=\"false\" style=\"min-height: 1px;height:475px\"><\/div>\t\t<\/div>\n\t\t\t\t<\/div>\n\t\t\t\t\t\t<\/div>\n\t\t\t\t\t<\/div>\n\t\t<\/div>\n\t\t\t\t\t\t\t\t<\/div>\n\t\t\t\t\t<\/div>\n\t\t<\/section>\n\t\t\t\t\t\t\t<\/div>\n\t\t\t\t<\/div>\n\t\t<\/aside>\n\t\t<aside id=\"recent-posts-1\" class=\"widget widget_recent_entries\">\n\t\t<h4 class=\"widget-title\">\u00daltimas entradas<\/h4>\n\t\t<ul>\n\t\t\t\t\t\t\t\t\t\t\t<li>\n\t\t\t\t\t<a href=\"https:\/\/baztan-bidasoa.com\/desarrollo\/regala-baztan-bidasoa-acertaras-seguro\/\">Regala Baztan-Bidasoa, acertar\u00e1s seguro<\/a>\n\t\t\t\t\t\t\t\t\t\t\t<span class=\"post-date\">diciembre 2, 2022<\/span>\n\t\t\t\t\t\t\t\t\t<\/li>\n\t\t\t\t\t\t\t\t\t\t\t<li>\n\t\t\t\t\t<a href=\"https:\/\/baztan-bidasoa.com\/desarrollo\/baztan-bidasoa-fuente-de-salud\/\">Baztan-Bidasoa, fuente de salud<\/a>\n\t\t\t\t\t\t\t\t\t\t\t<span class=\"post-date\">diciembre 2, 2022<\/span>\n\t\t\t\t\t\t\t\t\t<\/li>\n\t\t\t\t\t\t\t\t\t\t\t<li>\n\t\t\t\t\t<a href=\"https:\/\/baztan-bidasoa.com\/desarrollo\/eu\/baztan-bidasoa-osasun-iturri\/\">Baztan-Bidasoa, osasun iturri<\/a>\n\t\t\t\t\t\t\t\t\t\t\t<span class=\"post-date\">diciembre 2, 2022<\/span>\n\t\t\t\t\t\t\t\t\t<\/li>\n\t\t\t\t\t\t\t\t\t\t\t<li>\n\t\t\t\t\t<a href=\"https:\/\/baztan-bidasoa.com\/desarrollo\/concurso-fotografico-and-the-winner-is\/\">And the winner is&#8230;<\/a>\n\t\t\t\t\t\t\t\t\t\t\t<span class=\"post-date\">noviembre 15, 2022<\/span>\n\t\t\t\t\t\t\t\t\t<\/li>\n\t\t\t\t\t\t\t\t\t\t\t<li>\n\t\t\t\t\t<a href=\"https:\/\/baztan-bidasoa.com\/desarrollo\/eu\/irrisarri-landek-txondorraren-piztuera-egin-du\/\">Irrisarri Landek \u00abtxondorraren piztuera\u00bb egin du<\/a>\n\t\t\t\t\t\t\t\t\t\t\t<span class=\"post-date\">octubre 31, 2022<\/span>\n\t\t\t\t\t\t\t\t\t<\/li>\n\t\t\t\t\t<\/ul>\n\n\t\t<\/aside>\n\t\t<aside id=\"recent-posts-2\" class=\"widget widget_recent_entries\">\n\t\t<h4 class=\"widget-title\">Azken berriak<\/h4>\n\t\t<ul>\n\t\t\t\t\t\t\t\t\t\t\t<li>\n\t\t\t\t\t<a href=\"https:\/\/baztan-bidasoa.com\/desarrollo\/regala-baztan-bidasoa-acertaras-seguro\/\">Regala Baztan-Bidasoa, acertar\u00e1s seguro<\/a>\n\t\t\t\t\t\t\t\t\t<\/li>\n\t\t\t\t\t\t\t\t\t\t\t<li>\n\t\t\t\t\t<a href=\"https:\/\/baztan-bidasoa.com\/desarrollo\/baztan-bidasoa-fuente-de-salud\/\">Baztan-Bidasoa, fuente de salud<\/a>\n\t\t\t\t\t\t\t\t\t<\/li>\n\t\t\t\t\t\t\t\t\t\t\t<li>\n\t\t\t\t\t<a href=\"https:\/\/baztan-bidasoa.com\/desarrollo\/eu\/baztan-bidasoa-osasun-iturri\/\">Baztan-Bidasoa, osasun iturri<\/a>\n\t\t\t\t\t\t\t\t\t<\/li>\n\t\t\t\t\t\t\t\t\t\t\t<li>\n\t\t\t\t\t<a href=\"https:\/\/baztan-bidasoa.com\/desarrollo\/concurso-fotografico-and-the-winner-is\/\">And the winner is&#8230;<\/a>\n\t\t\t\t\t\t\t\t\t<\/li>\n\t\t\t\t\t\t\t\t\t\t\t<li>\n\t\t\t\t\t<a href=\"https:\/\/baztan-bidasoa.com\/desarrollo\/eu\/irrisarri-landek-txondorraren-piztuera-egin-du\/\">Irrisarri Landek \u00abtxondorraren piztuera\u00bb egin du<\/a>\n\t\t\t\t\t\t\t\t\t<\/li>\n\t\t\t\t\t<\/ul>\n\n\t\t<\/aside>\t\t<\/div>\n\t\t\t\t<\/div>\n\t\t\t\t\t\t<\/div>\n\t\t\t\t\t<\/div>\n\t\t<\/div>\n\t\t\t\t\t\t\t\t<\/div>\n\t\t\t\t\t<\/div>\n\t\t<\/section>\n\t\t\t\t\t\t\t\t\t<\/div>\n\t\t\t<\/div>\n\t\t\t\t\t<\/div>\n\t\t","protected":false},"excerpt":{"rendered":"<p>Molino de Urdazubi-Urdax A lo largo de los siglos X y XI, se levant\u00f3 el Monasterio de\u00a0Urdazubi\/Urdax. Sus monjes se consagraron a la construcci\u00f3n de canales y puentes (de ah\u00ed su nombre UR eta ZUBI que significa agua y puente en euskera) y un molino, gracias al cual pudieron trabajar el hierro y moler el [&hellip;]<\/p>\n","protected":false},"author":3,"featured_media":0,"parent":6947,"menu_order":0,"comment_status":"closed","ping_status":"closed","template":"elementor_header_footer","meta":[],"acf":[],"yoast_head":"<!-- This site is optimized with the Yoast SEO plugin v19.10 - https:\/\/yoast.com\/wordpress\/plugins\/seo\/ -->\n<title>Molino de Urdazubi-Urdax - Baztan Bidasoa Turismoa<\/title>\n<meta name=\"robots\" content=\"index, follow, max-snippet:-1, max-image-preview:large, max-video-preview:-1\" \/>\n<link rel=\"canonical\" href=\"https:\/\/baztan-bidasoa.com\/desarrollo\/que-ver\/molinos\/molino-de-urdazubi-urdax\/\" \/>\n<meta property=\"og:locale\" content=\"es_ES\" \/>\n<meta property=\"og:type\" content=\"article\" \/>\n<meta property=\"og:title\" content=\"Molino de Urdazubi-Urdax - Baztan Bidasoa Turismoa\" \/>\n<meta property=\"og:description\" content=\"Molino de Urdazubi-Urdax A lo largo de los siglos X y XI, se levant\u00f3 el Monasterio de\u00a0Urdazubi\/Urdax. Sus monjes se consagraron a la construcci\u00f3n de canales y puentes (de ah\u00ed su nombre UR eta ZUBI que significa agua y puente en euskera) y un molino, gracias al cual pudieron trabajar el hierro y moler el [&hellip;]\" \/>\n<meta property=\"og:url\" content=\"https:\/\/baztan-bidasoa.com\/desarrollo\/que-ver\/molinos\/molino-de-urdazubi-urdax\/\" \/>\n<meta property=\"og:site_name\" content=\"Baztan Bidasoa Turismoa\" \/>\n<meta property=\"article:modified_time\" content=\"2020-03-25T09:41:02+00:00\" \/>\n<meta name=\"twitter:card\" content=\"summary_large_image\" \/>\n<meta name=\"twitter:label1\" content=\"Tiempo de lectura\" \/>\n\t<meta name=\"twitter:data1\" content=\"1 minuto\" \/>\n<script type=\"application\/ld+json\" class=\"yoast-schema-graph\">{\"@context\":\"https:\/\/schema.org\",\"@graph\":[{\"@type\":\"WebPage\",\"@id\":\"https:\/\/baztan-bidasoa.com\/desarrollo\/que-ver\/molinos\/molino-de-urdazubi-urdax\/\",\"url\":\"https:\/\/baztan-bidasoa.com\/desarrollo\/que-ver\/molinos\/molino-de-urdazubi-urdax\/\",\"name\":\"Molino de Urdazubi-Urdax - Baztan Bidasoa Turismoa\",\"isPartOf\":{\"@id\":\"https:\/\/baztan-bidasoa.com\/desarrollo\/#website\"},\"datePublished\":\"2019-12-18T08:43:17+00:00\",\"dateModified\":\"2020-03-25T09:41:02+00:00\",\"breadcrumb\":{\"@id\":\"https:\/\/baztan-bidasoa.com\/desarrollo\/que-ver\/molinos\/molino-de-urdazubi-urdax\/#breadcrumb\"},\"inLanguage\":\"es\",\"potentialAction\":[{\"@type\":\"ReadAction\",\"target\":[\"https:\/\/baztan-bidasoa.com\/desarrollo\/que-ver\/molinos\/molino-de-urdazubi-urdax\/\"]}]},{\"@type\":\"BreadcrumbList\",\"@id\":\"https:\/\/baztan-bidasoa.com\/desarrollo\/que-ver\/molinos\/molino-de-urdazubi-urdax\/#breadcrumb\",\"itemListElement\":[{\"@type\":\"ListItem\",\"position\":1,\"name\":\"Portada\",\"item\":\"https:\/\/baztan-bidasoa.com\/desarrollo\/\"},{\"@type\":\"ListItem\",\"position\":2,\"name\":\"Qu\u00e9 ver\",\"item\":\"https:\/\/baztan-bidasoa.com\/desarrollo\/que-ver\/\"},{\"@type\":\"ListItem\",\"position\":3,\"name\":\"Molinos\",\"item\":\"https:\/\/baztan-bidasoa.com\/desarrollo\/que-ver\/molinos\/\"},{\"@type\":\"ListItem\",\"position\":4,\"name\":\"Molino de Urdazubi-Urdax\"}]},{\"@type\":\"WebSite\",\"@id\":\"https:\/\/baztan-bidasoa.com\/desarrollo\/#website\",\"url\":\"https:\/\/baztan-bidasoa.com\/desarrollo\/\",\"name\":\"Baztan Bidasoa Turismoa\",\"description\":\"Asociaci\u00f3n Tur\u00edstica Baztan-Bidasoa Turismo Elkartea\",\"potentialAction\":[{\"@type\":\"SearchAction\",\"target\":{\"@type\":\"EntryPoint\",\"urlTemplate\":\"https:\/\/baztan-bidasoa.com\/desarrollo\/?s={search_term_string}\"},\"query-input\":\"required name=search_term_string\"}],\"inLanguage\":\"es\"}]}<\/script>\n<!-- \/ Yoast SEO plugin. -->","yoast_head_json":{"title":"Molino de Urdazubi-Urdax - Baztan Bidasoa Turismoa","robots":{"index":"index","follow":"follow","max-snippet":"max-snippet:-1","max-image-preview":"max-image-preview:large","max-video-preview":"max-video-preview:-1"},"canonical":"https:\/\/baztan-bidasoa.com\/desarrollo\/que-ver\/molinos\/molino-de-urdazubi-urdax\/","og_locale":"es_ES","og_type":"article","og_title":"Molino de Urdazubi-Urdax - Baztan Bidasoa Turismoa","og_description":"Molino de Urdazubi-Urdax A lo largo de los siglos X y XI, se levant\u00f3 el Monasterio de\u00a0Urdazubi\/Urdax. Sus monjes se consagraron a la construcci\u00f3n de canales y puentes (de ah\u00ed su nombre UR eta ZUBI que significa agua y puente en euskera) y un molino, gracias al cual pudieron trabajar el hierro y moler el [&hellip;]","og_url":"https:\/\/baztan-bidasoa.com\/desarrollo\/que-ver\/molinos\/molino-de-urdazubi-urdax\/","og_site_name":"Baztan Bidasoa Turismoa","article_modified_time":"2020-03-25T09:41:02+00:00","twitter_card":"summary_large_image","twitter_misc":{"Tiempo de lectura":"1 minuto"},"schema":{"@context":"https:\/\/schema.org","@graph":[{"@type":"WebPage","@id":"https:\/\/baztan-bidasoa.com\/desarrollo\/que-ver\/molinos\/molino-de-urdazubi-urdax\/","url":"https:\/\/baztan-bidasoa.com\/desarrollo\/que-ver\/molinos\/molino-de-urdazubi-urdax\/","name":"Molino de Urdazubi-Urdax - Baztan Bidasoa Turismoa","isPartOf":{"@id":"https:\/\/baztan-bidasoa.com\/desarrollo\/#website"},"datePublished":"2019-12-18T08:43:17+00:00","dateModified":"2020-03-25T09:41:02+00:00","breadcrumb":{"@id":"https:\/\/baztan-bidasoa.com\/desarrollo\/que-ver\/molinos\/molino-de-urdazubi-urdax\/#breadcrumb"},"inLanguage":"es","potentialAction":[{"@type":"ReadAction","target":["https:\/\/baztan-bidasoa.com\/desarrollo\/que-ver\/molinos\/molino-de-urdazubi-urdax\/"]}]},{"@type":"BreadcrumbList","@id":"https:\/\/baztan-bidasoa.com\/desarrollo\/que-ver\/molinos\/molino-de-urdazubi-urdax\/#breadcrumb","itemListElement":[{"@type":"ListItem","position":1,"name":"Portada","item":"https:\/\/baztan-bidasoa.com\/desarrollo\/"},{"@type":"ListItem","position":2,"name":"Qu\u00e9 ver","item":"https:\/\/baztan-bidasoa.com\/desarrollo\/que-ver\/"},{"@type":"ListItem","position":3,"name":"Molinos","item":"https:\/\/baztan-bidasoa.com\/desarrollo\/que-ver\/molinos\/"},{"@type":"ListItem","position":4,"name":"Molino de Urdazubi-Urdax"}]},{"@type":"WebSite","@id":"https:\/\/baztan-bidasoa.com\/desarrollo\/#website","url":"https:\/\/baztan-bidasoa.com\/desarrollo\/","name":"Baztan Bidasoa Turismoa","description":"Asociaci\u00f3n Tur\u00edstica Baztan-Bidasoa Turismo Elkartea","potentialAction":[{"@type":"SearchAction","target":{"@type":"EntryPoint","urlTemplate":"https:\/\/baztan-bidasoa.com\/desarrollo\/?s={search_term_string}"},"query-input":"required name=search_term_string"}],"inLanguage":"es"}]}},"_links":{"self":[{"href":"https:\/\/baztan-bidasoa.com\/desarrollo\/wp-json\/wp\/v2\/pages\/6954"}],"collection":[{"href":"https:\/\/baztan-bidasoa.com\/desarrollo\/wp-json\/wp\/v2\/pages"}],"about":[{"href":"https:\/\/baztan-bidasoa.com\/desarrollo\/wp-json\/wp\/v2\/types\/page"}],"author":[{"embeddable":true,"href":"https:\/\/baztan-bidasoa.com\/desarrollo\/wp-json\/wp\/v2\/users\/3"}],"replies":[{"embeddable":true,"href":"https:\/\/baztan-bidasoa.com\/desarrollo\/wp-json\/wp\/v2\/comments?post=6954"}],"version-history":[{"count":5,"href":"https:\/\/baztan-bidasoa.com\/desarrollo\/wp-json\/wp\/v2\/pages\/6954\/revisions"}],"predecessor-version":[{"id":19763,"href":"https:\/\/baztan-bidasoa.com\/desarrollo\/wp-json\/wp\/v2\/pages\/6954\/revisions\/19763"}],"up":[{"embeddable":true,"href":"https:\/\/baztan-bidasoa.com\/desarrollo\/wp-json\/wp\/v2\/pages\/6947"}],"wp:attachment":[{"href":"https:\/\/baztan-bidasoa.com\/desarrollo\/wp-json\/wp\/v2\/media?parent=6954"}],"curies":[{"name":"wp","href":"https:\/\/api.w.org\/{rel}","templated":true}]}}