{"id":6892,"date":"2019-12-18T07:16:25","date_gmt":"2019-12-18T07:16:25","guid":{"rendered":"https:\/\/baztan-bidasoa.com\/desarrollo\/?page_id=6892"},"modified":"2020-03-24T09:55:08","modified_gmt":"2020-03-24T09:55:08","slug":"estacion-megalitica-de-agina","status":"publish","type":"page","link":"https:\/\/baztan-bidasoa.com\/desarrollo\/que-ver\/espacios-de-arte-cultura-e-historia\/estacion-megalitica-de-agina\/","title":{"rendered":"Estaci\u00f3n megal\u00edtica de Agi\u00f1a"},"content":{"rendered":"\t\t<div data-elementor-type=\"wp-page\" data-elementor-id=\"6892\" class=\"elementor elementor-6892\">\n\t\t\t\t\t\t<div class=\"elementor-inner\">\n\t\t\t\t<div class=\"elementor-section-wrap\">\n\t\t\t\t\t\t\t\t\t<section class=\"elementor-section elementor-top-section elementor-element elementor-element-5cd8afef elementor-section-boxed elementor-section-height-default elementor-section-height-default\" data-id=\"5cd8afef\" data-element_type=\"section\" data-settings=\"{&quot;jet_parallax_layout_list&quot;:[{&quot;jet_parallax_layout_image&quot;:{&quot;url&quot;:&quot;&quot;,&quot;id&quot;:&quot;&quot;},&quot;_id&quot;:&quot;541adcf&quot;,&quot;jet_parallax_layout_image_tablet&quot;:{&quot;url&quot;:&quot;&quot;,&quot;id&quot;:&quot;&quot;},&quot;jet_parallax_layout_image_mobile&quot;:{&quot;url&quot;:&quot;&quot;,&quot;id&quot;:&quot;&quot;},&quot;jet_parallax_layout_speed&quot;:{&quot;unit&quot;:&quot;%&quot;,&quot;size&quot;:50,&quot;sizes&quot;:[]},&quot;jet_parallax_layout_type&quot;:&quot;scroll&quot;,&quot;jet_parallax_layout_direction&quot;:null,&quot;jet_parallax_layout_fx_direction&quot;:null,&quot;jet_parallax_layout_z_index&quot;:&quot;&quot;,&quot;jet_parallax_layout_bg_x&quot;:50,&quot;jet_parallax_layout_bg_y&quot;:50,&quot;jet_parallax_layout_bg_size&quot;:&quot;auto&quot;,&quot;jet_parallax_layout_animation_prop&quot;:&quot;transform&quot;,&quot;jet_parallax_layout_on&quot;:[&quot;desktop&quot;,&quot;tablet&quot;],&quot;jet_parallax_layout_bg_x_tablet&quot;:&quot;&quot;,&quot;jet_parallax_layout_bg_x_mobile&quot;:&quot;&quot;,&quot;jet_parallax_layout_bg_y_tablet&quot;:&quot;&quot;,&quot;jet_parallax_layout_bg_y_mobile&quot;:&quot;&quot;,&quot;jet_parallax_layout_bg_size_tablet&quot;:&quot;&quot;,&quot;jet_parallax_layout_bg_size_mobile&quot;:&quot;&quot;}]}\">\n\t\t\t\t\t\t<div class=\"elementor-container elementor-column-gap-default\">\n\t\t\t\t\t\t\t<div class=\"elementor-row\">\n\t\t\t\t\t<div class=\"elementor-column elementor-col-50 elementor-top-column elementor-element elementor-element-5c83cc97\" data-id=\"5c83cc97\" data-element_type=\"column\">\n\t\t\t<div class=\"elementor-column-wrap elementor-element-populated\">\n\t\t\t\t\t\t\t<div class=\"elementor-widget-wrap\">\n\t\t\t\t\t\t<div class=\"elementor-element elementor-element-4563cb23 elementor-widget elementor-widget-heading\" data-id=\"4563cb23\" data-element_type=\"widget\" data-widget_type=\"heading.default\">\n\t\t\t\t<div class=\"elementor-widget-container\">\n\t\t\t<h1 class=\"elementor-heading-title elementor-size-default\">Estaci\u00f3n megal\u00edtica de Agi\u00f1a<\/h1>\t\t<\/div>\n\t\t\t\t<\/div>\n\t\t\t\t<div class=\"elementor-element elementor-element-731f11b2 elementor-widget elementor-widget-text-editor\" data-id=\"731f11b2\" data-element_type=\"widget\" data-widget_type=\"text-editor.default\">\n\t\t\t\t<div class=\"elementor-widget-container\">\n\t\t\t\t\t\t\t\t<div class=\"elementor-text-editor elementor-clearfix\">\n\t\t\t\t<p>La Estaci\u00f3n megal\u00edtica Agi\u00f1a, en Lesaka, es ese lugar m\u00e1gico donde se funden Prehistoria y Naturaleza.<\/p><p>En el punto m\u00e1s alto del puerto que une Lesaka con Oiartzun, se encuentra la\u00a0<strong>Estaci\u00f3n megal\u00edtica de Agi\u00f1a.\u00a0<\/strong><\/p><p>Se trata de un paisaje m\u00e1gico con varias construcciones y restos arqueol\u00f3gicos de la Edad de Hierro. De hecho, en la Estaci\u00f3n megal\u00edtica Agi\u00f1a, en Lesaka, podemos encontrar restos de una muralla que parece ser de la Edad de Hierro, entre los a\u00f1os 600 y 200 a.c. Es la \u00fanica muralla de estas caracter\u00edsticas encontradas en el norte de Navarra.<\/p><p>No obstante, del poblado que hab\u00eda en el interior, dif\u00edcilmente se puede apreciar algo. Pero no es \u00e9ste el \u00fanico resto megal\u00edtico que encontramos en la Estaci\u00f3n megal\u00edtica Agi\u00f1a, en Lesaka. T\u00famulos, d\u00f3lmenes, cr\u00f3mlech y asentamientos comparten escenario con el monumento moderno de\u00a0<b>Jorge Oteiza<\/b>\u00a0dedicado a Aita Donostia.<\/p>\t\t\t\t\t<\/div>\n\t\t\t\t\t\t<\/div>\n\t\t\t\t<\/div>\n\t\t\t\t<div class=\"elementor-element elementor-element-7c56d207 elementor-skin-slideshow elementor-aspect-ratio-169 elementor-arrows-yes elementor-widget elementor-widget-media-carousel\" data-id=\"7c56d207\" data-element_type=\"widget\" data-settings=\"{&quot;skin&quot;:&quot;slideshow&quot;,&quot;slides_to_scroll_tablet&quot;:&quot;1&quot;,&quot;slides_to_scroll_mobile&quot;:&quot;1&quot;,&quot;effect&quot;:&quot;slide&quot;,&quot;show_arrows&quot;:&quot;yes&quot;,&quot;speed&quot;:500,&quot;autoplay&quot;:&quot;yes&quot;,&quot;autoplay_speed&quot;:5000,&quot;loop&quot;:&quot;yes&quot;,&quot;pause_on_hover&quot;:&quot;yes&quot;,&quot;pause_on_interaction&quot;:&quot;yes&quot;,&quot;space_between&quot;:{&quot;unit&quot;:&quot;px&quot;,&quot;size&quot;:10,&quot;sizes&quot;:[]},&quot;space_between_tablet&quot;:{&quot;unit&quot;:&quot;px&quot;,&quot;size&quot;:10,&quot;sizes&quot;:[]},&quot;space_between_mobile&quot;:{&quot;unit&quot;:&quot;px&quot;,&quot;size&quot;:10,&quot;sizes&quot;:[]}}\" data-widget_type=\"media-carousel.default\">\n\t\t\t\t<div class=\"elementor-widget-container\">\n\t\t\t\t\t<div class=\"elementor-swiper\">\n\t\t\t<div class=\"elementor-main-swiper swiper-container\">\n\t\t\t\t<div class=\"swiper-wrapper\">\n\t\t\t\t\t\t\t\t\t\t\t<div class=\"swiper-slide\">\n\t\t\t\t\t\t\t\t\t<div class=\"elementor-carousel-image\" style=\"background-image: url(https:\/\/baztan-bidasoa.com\/desarrollo\/wp-content\/uploads\/2019\/12\/aita-donostia-600x400-1.jpg)\">\n\n\t\t\t\n\t\t\t\t\t<\/div>\n\t\t\t\t\t\t\t\t<\/div>\n\t\t\t\t\t\t\t\t\t<\/div>\n\t\t\t\t\t\t\t<\/div>\n\t\t<\/div>\n\t\t\t\t<\/div>\n\t\t\t\t<\/div>\n\t\t\t\t<div class=\"elementor-element elementor-element-079c628 elementor-widget elementor-widget-text-editor\" data-id=\"079c628\" data-element_type=\"widget\" data-widget_type=\"text-editor.default\">\n\t\t\t\t<div class=\"elementor-widget-container\">\n\t\t\t\t\t\t\t\t<div class=\"elementor-text-editor elementor-clearfix\">\n\t\t\t\t<p><strong>Senderos para recorrer la Historia<\/strong><\/p><p>Tres\u00a0senderos circulares\u00a0han sido acondicionados para recorrer distintos hitos de la Estaci\u00f3n magal\u00edtica de Agi\u00f1a, en Lesaka. Tres senderos para recordar el pasado de la zona y sus usos tradicionales.\u00a0El primero de ellos une Lesaka, la antigua v\u00eda del Tren \u201cTxikito\u201d y la estaci\u00f3n megal\u00edtica e inmortaliza la historia de la obtenci\u00f3n del hierro en la zona.\u00a0El segundo y el tercero, por su parte, exhiben cuantiosos restos prehist\u00f3ricos.<\/p><p><strong>D\u00f3lmenes, t\u00famulos y cromlech<\/strong><\/p><p><strong>D\u00f3lmen:<\/strong>\u00a0Construcciones permanentes de entre 3.200 y 1.200 a\u00f1os a.c. Del \u00faltimo Neolito y sobre todo de la Edad de Cobre y la Edad de Bronce. Muestran un ata\u00fad de piedra s\u00f3lida rodeada de peque\u00f1as piedras formando un c\u00edrculo. En Lesaka podemos encontrar dos monumentos de este tipo, uno en Agi\u00f1a y el otro en Pagolleta.<\/p><p><strong>T\u00famulo:<\/strong>\u00a0Los m\u00e1s antiguos son de la \u00e9poca de los D\u00f3lmen. Forman c\u00edrculos con piedras y el cuerpo se sit\u00faa en la mitad. En Lesaka adem\u00e1s del de Agi\u00f1a entramos tambi\u00e9n el T\u00famulo de Alasta.<\/p><p><strong>Cromlech: <\/strong>Construcciones permanentes de entre 600 y 200 a\u00f1os A.C. Piedras dispuestas en vertical. Forman un c\u00edrculo donde se depositan las cenizas de los muertos.\u00a0<\/p>\t\t\t\t\t<\/div>\n\t\t\t\t\t\t<\/div>\n\t\t\t\t<\/div>\n\t\t\t\t<div class=\"elementor-element elementor-element-7d6b1086 elementor-widget elementor-widget-heading\" data-id=\"7d6b1086\" data-element_type=\"widget\" data-widget_type=\"heading.default\">\n\t\t\t\t<div class=\"elementor-widget-container\">\n\t\t\t<h3 class=\"elementor-heading-title elementor-size-default\">Contacto<\/h3>\t\t<\/div>\n\t\t\t\t<\/div>\n\t\t\t\t<div class=\"elementor-element elementor-element-67012ce3 elementor-icon-list--layout-traditional elementor-list-item-link-full_width elementor-widget elementor-widget-icon-list\" data-id=\"67012ce3\" data-element_type=\"widget\" data-widget_type=\"icon-list.default\">\n\t\t\t\t<div class=\"elementor-widget-container\">\n\t\t\t\t\t<ul class=\"elementor-icon-list-items\">\n\t\t\t\t\t\t\t<li class=\"elementor-icon-list-item\">\n\t\t\t\t\t\t\t\t\t\t\t<a href=\"http:\/\/www.lesaka.net\/\">\n\n\t\t\t\t\t\t\t\t\t\t\t\t<span class=\"elementor-icon-list-icon\">\n\t\t\t\t\t\t\t<i aria-hidden=\"true\" class=\"nc-icon-outline business_globe\"><\/i>\t\t\t\t\t\t<\/span>\n\t\t\t\t\t\t\t\t\t\t<span class=\"elementor-icon-list-text\">lesaka.net<\/span>\n\t\t\t\t\t\t\t\t\t\t\t<\/a>\n\t\t\t\t\t\t\t\t\t<\/li>\n\t\t\t\t\t\t<\/ul>\n\t\t\t\t<\/div>\n\t\t\t\t<\/div>\n\t\t\t\t\t\t<\/div>\n\t\t\t\t\t<\/div>\n\t\t<\/div>\n\t\t\t\t<div class=\"elementor-column elementor-col-50 elementor-top-column elementor-element elementor-element-601f08fd\" data-id=\"601f08fd\" data-element_type=\"column\">\n\t\t\t<div class=\"elementor-column-wrap elementor-element-populated\">\n\t\t\t\t\t\t\t<div class=\"elementor-widget-wrap\">\n\t\t\t\t\t\t<div class=\"elementor-element elementor-element-7ee61cc elementor-widget elementor-widget-sidebar\" data-id=\"7ee61cc\" data-element_type=\"widget\" data-widget_type=\"sidebar.default\">\n\t\t\t\t<div class=\"elementor-widget-container\">\n\t\t\t<aside id=\"elementor-library-3\" class=\"widget widget_elementor-library\">\t\t<div data-elementor-type=\"section\" data-elementor-id=\"5551\" class=\"elementor elementor-5551\">\n\t\t\t\t\t<div class=\"elementor-section-wrap\">\n\t\t\t\t\t\t\t\t<section class=\"elementor-section elementor-top-section elementor-element elementor-element-bc8de0c elementor-section-boxed elementor-section-height-default elementor-section-height-default\" data-id=\"bc8de0c\" data-element_type=\"section\" data-settings=\"{&quot;jet_parallax_layout_list&quot;:[{&quot;jet_parallax_layout_image&quot;:{&quot;url&quot;:&quot;&quot;,&quot;id&quot;:&quot;&quot;},&quot;_id&quot;:&quot;d4b65a7&quot;,&quot;jet_parallax_layout_image_tablet&quot;:{&quot;url&quot;:&quot;&quot;,&quot;id&quot;:&quot;&quot;},&quot;jet_parallax_layout_image_mobile&quot;:{&quot;url&quot;:&quot;&quot;,&quot;id&quot;:&quot;&quot;},&quot;jet_parallax_layout_speed&quot;:{&quot;unit&quot;:&quot;%&quot;,&quot;size&quot;:50,&quot;sizes&quot;:[]},&quot;jet_parallax_layout_type&quot;:&quot;scroll&quot;,&quot;jet_parallax_layout_direction&quot;:null,&quot;jet_parallax_layout_fx_direction&quot;:null,&quot;jet_parallax_layout_z_index&quot;:&quot;&quot;,&quot;jet_parallax_layout_bg_x&quot;:50,&quot;jet_parallax_layout_bg_x_tablet&quot;:&quot;&quot;,&quot;jet_parallax_layout_bg_x_mobile&quot;:&quot;&quot;,&quot;jet_parallax_layout_bg_y&quot;:50,&quot;jet_parallax_layout_bg_y_tablet&quot;:&quot;&quot;,&quot;jet_parallax_layout_bg_y_mobile&quot;:&quot;&quot;,&quot;jet_parallax_layout_bg_size&quot;:&quot;auto&quot;,&quot;jet_parallax_layout_bg_size_tablet&quot;:&quot;&quot;,&quot;jet_parallax_layout_bg_size_mobile&quot;:&quot;&quot;,&quot;jet_parallax_layout_animation_prop&quot;:&quot;transform&quot;,&quot;jet_parallax_layout_on&quot;:[&quot;desktop&quot;,&quot;tablet&quot;]}]}\">\n\t\t\t\t\t\t<div class=\"elementor-container elementor-column-gap-default\">\n\t\t\t\t\t\t\t<div class=\"elementor-row\">\n\t\t\t\t\t<div class=\"elementor-column elementor-col-100 elementor-top-column elementor-element elementor-element-572d625\" data-id=\"572d625\" data-element_type=\"column\">\n\t\t\t<div class=\"elementor-column-wrap elementor-element-populated\">\n\t\t\t\t\t\t\t<div class=\"elementor-widget-wrap\">\n\t\t\t\t\t\t<div class=\"elementor-element elementor-element-72743f5 elementor-widget elementor-widget-image\" data-id=\"72743f5\" data-element_type=\"widget\" data-widget_type=\"image.default\">\n\t\t\t\t<div class=\"elementor-widget-container\">\n\t\t\t\t\t\t\t\t<div class=\"elementor-image\">\n\t\t\t\t\t\t\t\t\t\t\t\t\t<a href=\"https:\/\/baztan-bidasoa.com\/desarrollo\/wp-content\/uploads\/2022\/03\/Bisitagidatuak-20-pala.-Eskuorria.pdf\">\n\t\t\t\t\t\t\t<img decoding=\"async\" width=\"250\" height=\"275\" src=\"https:\/\/baztan-bidasoa.com\/desarrollo\/wp-content\/uploads\/2022\/04\/BISITA-GIDATUAK.png\" class=\"attachment-large size-large\" alt=\"\" loading=\"lazy\" \/>\t\t\t\t\t\t\t\t<\/a>\n\t\t\t\t\t\t\t\t\t\t\t\t\t\t<\/div>\n\t\t\t\t\t\t<\/div>\n\t\t\t\t<\/div>\n\t\t\t\t<div class=\"elementor-element elementor-element-8f2b15a elementor-widget elementor-widget-facebook-page\" data-id=\"8f2b15a\" data-element_type=\"widget\" data-widget_type=\"facebook-page.default\">\n\t\t\t\t<div class=\"elementor-widget-container\">\n\t\t\t<div class=\"elementor-facebook-widget fb-page\" data-href=\"https:\/\/www.facebook.com\/baztanbidasoaturismo\/\" data-tabs=\"timeline\" data-height=\"475px\" data-width=\"500px\" data-small-header=\"false\" data-hide-cover=\"false\" data-show-facepile=\"true\" data-hide-cta=\"false\" style=\"min-height: 1px;height:475px\"><\/div>\t\t<\/div>\n\t\t\t\t<\/div>\n\t\t\t\t\t\t<\/div>\n\t\t\t\t\t<\/div>\n\t\t<\/div>\n\t\t\t\t\t\t\t\t<\/div>\n\t\t\t\t\t<\/div>\n\t\t<\/section>\n\t\t\t\t\t\t\t<\/div>\n\t\t\t\t<\/div>\n\t\t<\/aside>\n\t\t<aside id=\"recent-posts-1\" class=\"widget widget_recent_entries\">\n\t\t<h4 class=\"widget-title\">\u00daltimas entradas<\/h4>\n\t\t<ul>\n\t\t\t\t\t\t\t\t\t\t\t<li>\n\t\t\t\t\t<a href=\"https:\/\/baztan-bidasoa.com\/desarrollo\/regala-baztan-bidasoa-acertaras-seguro\/\">Regala Baztan-Bidasoa, acertar\u00e1s seguro<\/a>\n\t\t\t\t\t\t\t\t\t\t\t<span class=\"post-date\">diciembre 2, 2022<\/span>\n\t\t\t\t\t\t\t\t\t<\/li>\n\t\t\t\t\t\t\t\t\t\t\t<li>\n\t\t\t\t\t<a href=\"https:\/\/baztan-bidasoa.com\/desarrollo\/baztan-bidasoa-fuente-de-salud\/\">Baztan-Bidasoa, fuente de salud<\/a>\n\t\t\t\t\t\t\t\t\t\t\t<span class=\"post-date\">diciembre 2, 2022<\/span>\n\t\t\t\t\t\t\t\t\t<\/li>\n\t\t\t\t\t\t\t\t\t\t\t<li>\n\t\t\t\t\t<a href=\"https:\/\/baztan-bidasoa.com\/desarrollo\/eu\/baztan-bidasoa-osasun-iturri\/\">Baztan-Bidasoa, osasun iturri<\/a>\n\t\t\t\t\t\t\t\t\t\t\t<span class=\"post-date\">diciembre 2, 2022<\/span>\n\t\t\t\t\t\t\t\t\t<\/li>\n\t\t\t\t\t\t\t\t\t\t\t<li>\n\t\t\t\t\t<a href=\"https:\/\/baztan-bidasoa.com\/desarrollo\/concurso-fotografico-and-the-winner-is\/\">And the winner is&#8230;<\/a>\n\t\t\t\t\t\t\t\t\t\t\t<span class=\"post-date\">noviembre 15, 2022<\/span>\n\t\t\t\t\t\t\t\t\t<\/li>\n\t\t\t\t\t\t\t\t\t\t\t<li>\n\t\t\t\t\t<a href=\"https:\/\/baztan-bidasoa.com\/desarrollo\/eu\/irrisarri-landek-txondorraren-piztuera-egin-du\/\">Irrisarri Landek \u00abtxondorraren piztuera\u00bb egin du<\/a>\n\t\t\t\t\t\t\t\t\t\t\t<span class=\"post-date\">octubre 31, 2022<\/span>\n\t\t\t\t\t\t\t\t\t<\/li>\n\t\t\t\t\t<\/ul>\n\n\t\t<\/aside>\n\t\t<aside id=\"recent-posts-2\" class=\"widget widget_recent_entries\">\n\t\t<h4 class=\"widget-title\">Azken berriak<\/h4>\n\t\t<ul>\n\t\t\t\t\t\t\t\t\t\t\t<li>\n\t\t\t\t\t<a href=\"https:\/\/baztan-bidasoa.com\/desarrollo\/regala-baztan-bidasoa-acertaras-seguro\/\">Regala Baztan-Bidasoa, acertar\u00e1s seguro<\/a>\n\t\t\t\t\t\t\t\t\t<\/li>\n\t\t\t\t\t\t\t\t\t\t\t<li>\n\t\t\t\t\t<a href=\"https:\/\/baztan-bidasoa.com\/desarrollo\/baztan-bidasoa-fuente-de-salud\/\">Baztan-Bidasoa, fuente de salud<\/a>\n\t\t\t\t\t\t\t\t\t<\/li>\n\t\t\t\t\t\t\t\t\t\t\t<li>\n\t\t\t\t\t<a href=\"https:\/\/baztan-bidasoa.com\/desarrollo\/eu\/baztan-bidasoa-osasun-iturri\/\">Baztan-Bidasoa, osasun iturri<\/a>\n\t\t\t\t\t\t\t\t\t<\/li>\n\t\t\t\t\t\t\t\t\t\t\t<li>\n\t\t\t\t\t<a href=\"https:\/\/baztan-bidasoa.com\/desarrollo\/concurso-fotografico-and-the-winner-is\/\">And the winner is&#8230;<\/a>\n\t\t\t\t\t\t\t\t\t<\/li>\n\t\t\t\t\t\t\t\t\t\t\t<li>\n\t\t\t\t\t<a href=\"https:\/\/baztan-bidasoa.com\/desarrollo\/eu\/irrisarri-landek-txondorraren-piztuera-egin-du\/\">Irrisarri Landek \u00abtxondorraren piztuera\u00bb egin du<\/a>\n\t\t\t\t\t\t\t\t\t<\/li>\n\t\t\t\t\t<\/ul>\n\n\t\t<\/aside>\t\t<\/div>\n\t\t\t\t<\/div>\n\t\t\t\t\t\t<\/div>\n\t\t\t\t\t<\/div>\n\t\t<\/div>\n\t\t\t\t\t\t\t\t<\/div>\n\t\t\t\t\t<\/div>\n\t\t<\/section>\n\t\t\t\t\t\t\t\t\t<\/div>\n\t\t\t<\/div>\n\t\t\t\t\t<\/div>\n\t\t","protected":false},"excerpt":{"rendered":"<p>Estaci\u00f3n megal\u00edtica de Agi\u00f1a La Estaci\u00f3n megal\u00edtica Agi\u00f1a, en Lesaka, es ese lugar m\u00e1gico donde se funden Prehistoria y Naturaleza. En el punto m\u00e1s alto del puerto que une Lesaka con Oiartzun, se encuentra la\u00a0Estaci\u00f3n megal\u00edtica de Agi\u00f1a.\u00a0 Se trata de un paisaje m\u00e1gico con varias construcciones y restos arqueol\u00f3gicos de la Edad de Hierro. [&hellip;]<\/p>\n","protected":false},"author":3,"featured_media":0,"parent":6850,"menu_order":0,"comment_status":"closed","ping_status":"closed","template":"elementor_header_footer","meta":[],"acf":[],"yoast_head":"<!-- This site is optimized with the Yoast SEO plugin v19.10 - https:\/\/yoast.com\/wordpress\/plugins\/seo\/ -->\n<title>Estaci\u00f3n megal\u00edtica de Agi\u00f1a - Baztan Bidasoa Turismoa<\/title>\n<meta name=\"robots\" content=\"index, follow, max-snippet:-1, max-image-preview:large, max-video-preview:-1\" \/>\n<link rel=\"canonical\" href=\"https:\/\/baztan-bidasoa.com\/desarrollo\/que-ver\/espacios-de-arte-cultura-e-historia\/estacion-megalitica-de-agina\/\" \/>\n<meta property=\"og:locale\" content=\"es_ES\" \/>\n<meta property=\"og:type\" content=\"article\" \/>\n<meta property=\"og:title\" content=\"Estaci\u00f3n megal\u00edtica de Agi\u00f1a - Baztan Bidasoa Turismoa\" \/>\n<meta property=\"og:description\" content=\"Estaci\u00f3n megal\u00edtica de Agi\u00f1a La Estaci\u00f3n megal\u00edtica Agi\u00f1a, en Lesaka, es ese lugar m\u00e1gico donde se funden Prehistoria y Naturaleza. En el punto m\u00e1s alto del puerto que une Lesaka con Oiartzun, se encuentra la\u00a0Estaci\u00f3n megal\u00edtica de Agi\u00f1a.\u00a0 Se trata de un paisaje m\u00e1gico con varias construcciones y restos arqueol\u00f3gicos de la Edad de Hierro. [&hellip;]\" \/>\n<meta property=\"og:url\" content=\"https:\/\/baztan-bidasoa.com\/desarrollo\/que-ver\/espacios-de-arte-cultura-e-historia\/estacion-megalitica-de-agina\/\" \/>\n<meta property=\"og:site_name\" content=\"Baztan Bidasoa Turismoa\" \/>\n<meta property=\"article:modified_time\" content=\"2020-03-24T09:55:08+00:00\" \/>\n<meta name=\"twitter:card\" content=\"summary_large_image\" \/>\n<meta name=\"twitter:label1\" content=\"Tiempo de lectura\" \/>\n\t<meta name=\"twitter:data1\" content=\"2 minutos\" \/>\n<script type=\"application\/ld+json\" class=\"yoast-schema-graph\">{\"@context\":\"https:\/\/schema.org\",\"@graph\":[{\"@type\":\"WebPage\",\"@id\":\"https:\/\/baztan-bidasoa.com\/desarrollo\/que-ver\/espacios-de-arte-cultura-e-historia\/estacion-megalitica-de-agina\/\",\"url\":\"https:\/\/baztan-bidasoa.com\/desarrollo\/que-ver\/espacios-de-arte-cultura-e-historia\/estacion-megalitica-de-agina\/\",\"name\":\"Estaci\u00f3n megal\u00edtica de Agi\u00f1a - Baztan Bidasoa Turismoa\",\"isPartOf\":{\"@id\":\"https:\/\/baztan-bidasoa.com\/desarrollo\/#website\"},\"datePublished\":\"2019-12-18T07:16:25+00:00\",\"dateModified\":\"2020-03-24T09:55:08+00:00\",\"breadcrumb\":{\"@id\":\"https:\/\/baztan-bidasoa.com\/desarrollo\/que-ver\/espacios-de-arte-cultura-e-historia\/estacion-megalitica-de-agina\/#breadcrumb\"},\"inLanguage\":\"es\",\"potentialAction\":[{\"@type\":\"ReadAction\",\"target\":[\"https:\/\/baztan-bidasoa.com\/desarrollo\/que-ver\/espacios-de-arte-cultura-e-historia\/estacion-megalitica-de-agina\/\"]}]},{\"@type\":\"BreadcrumbList\",\"@id\":\"https:\/\/baztan-bidasoa.com\/desarrollo\/que-ver\/espacios-de-arte-cultura-e-historia\/estacion-megalitica-de-agina\/#breadcrumb\",\"itemListElement\":[{\"@type\":\"ListItem\",\"position\":1,\"name\":\"Portada\",\"item\":\"https:\/\/baztan-bidasoa.com\/desarrollo\/\"},{\"@type\":\"ListItem\",\"position\":2,\"name\":\"Qu\u00e9 ver\",\"item\":\"https:\/\/baztan-bidasoa.com\/desarrollo\/que-ver\/\"},{\"@type\":\"ListItem\",\"position\":3,\"name\":\"Espacios de Arte, Cultura e Historia\",\"item\":\"https:\/\/baztan-bidasoa.com\/desarrollo\/que-ver\/espacios-de-arte-cultura-e-historia\/\"},{\"@type\":\"ListItem\",\"position\":4,\"name\":\"Estaci\u00f3n megal\u00edtica de Agi\u00f1a\"}]},{\"@type\":\"WebSite\",\"@id\":\"https:\/\/baztan-bidasoa.com\/desarrollo\/#website\",\"url\":\"https:\/\/baztan-bidasoa.com\/desarrollo\/\",\"name\":\"Baztan Bidasoa Turismoa\",\"description\":\"Asociaci\u00f3n Tur\u00edstica Baztan-Bidasoa Turismo Elkartea\",\"potentialAction\":[{\"@type\":\"SearchAction\",\"target\":{\"@type\":\"EntryPoint\",\"urlTemplate\":\"https:\/\/baztan-bidasoa.com\/desarrollo\/?s={search_term_string}\"},\"query-input\":\"required name=search_term_string\"}],\"inLanguage\":\"es\"}]}<\/script>\n<!-- \/ Yoast SEO plugin. -->","yoast_head_json":{"title":"Estaci\u00f3n megal\u00edtica de Agi\u00f1a - Baztan Bidasoa Turismoa","robots":{"index":"index","follow":"follow","max-snippet":"max-snippet:-1","max-image-preview":"max-image-preview:large","max-video-preview":"max-video-preview:-1"},"canonical":"https:\/\/baztan-bidasoa.com\/desarrollo\/que-ver\/espacios-de-arte-cultura-e-historia\/estacion-megalitica-de-agina\/","og_locale":"es_ES","og_type":"article","og_title":"Estaci\u00f3n megal\u00edtica de Agi\u00f1a - Baztan Bidasoa Turismoa","og_description":"Estaci\u00f3n megal\u00edtica de Agi\u00f1a La Estaci\u00f3n megal\u00edtica Agi\u00f1a, en Lesaka, es ese lugar m\u00e1gico donde se funden Prehistoria y Naturaleza. En el punto m\u00e1s alto del puerto que une Lesaka con Oiartzun, se encuentra la\u00a0Estaci\u00f3n megal\u00edtica de Agi\u00f1a.\u00a0 Se trata de un paisaje m\u00e1gico con varias construcciones y restos arqueol\u00f3gicos de la Edad de Hierro. [&hellip;]","og_url":"https:\/\/baztan-bidasoa.com\/desarrollo\/que-ver\/espacios-de-arte-cultura-e-historia\/estacion-megalitica-de-agina\/","og_site_name":"Baztan Bidasoa Turismoa","article_modified_time":"2020-03-24T09:55:08+00:00","twitter_card":"summary_large_image","twitter_misc":{"Tiempo de lectura":"2 minutos"},"schema":{"@context":"https:\/\/schema.org","@graph":[{"@type":"WebPage","@id":"https:\/\/baztan-bidasoa.com\/desarrollo\/que-ver\/espacios-de-arte-cultura-e-historia\/estacion-megalitica-de-agina\/","url":"https:\/\/baztan-bidasoa.com\/desarrollo\/que-ver\/espacios-de-arte-cultura-e-historia\/estacion-megalitica-de-agina\/","name":"Estaci\u00f3n megal\u00edtica de Agi\u00f1a - Baztan Bidasoa Turismoa","isPartOf":{"@id":"https:\/\/baztan-bidasoa.com\/desarrollo\/#website"},"datePublished":"2019-12-18T07:16:25+00:00","dateModified":"2020-03-24T09:55:08+00:00","breadcrumb":{"@id":"https:\/\/baztan-bidasoa.com\/desarrollo\/que-ver\/espacios-de-arte-cultura-e-historia\/estacion-megalitica-de-agina\/#breadcrumb"},"inLanguage":"es","potentialAction":[{"@type":"ReadAction","target":["https:\/\/baztan-bidasoa.com\/desarrollo\/que-ver\/espacios-de-arte-cultura-e-historia\/estacion-megalitica-de-agina\/"]}]},{"@type":"BreadcrumbList","@id":"https:\/\/baztan-bidasoa.com\/desarrollo\/que-ver\/espacios-de-arte-cultura-e-historia\/estacion-megalitica-de-agina\/#breadcrumb","itemListElement":[{"@type":"ListItem","position":1,"name":"Portada","item":"https:\/\/baztan-bidasoa.com\/desarrollo\/"},{"@type":"ListItem","position":2,"name":"Qu\u00e9 ver","item":"https:\/\/baztan-bidasoa.com\/desarrollo\/que-ver\/"},{"@type":"ListItem","position":3,"name":"Espacios de Arte, Cultura e Historia","item":"https:\/\/baztan-bidasoa.com\/desarrollo\/que-ver\/espacios-de-arte-cultura-e-historia\/"},{"@type":"ListItem","position":4,"name":"Estaci\u00f3n megal\u00edtica de Agi\u00f1a"}]},{"@type":"WebSite","@id":"https:\/\/baztan-bidasoa.com\/desarrollo\/#website","url":"https:\/\/baztan-bidasoa.com\/desarrollo\/","name":"Baztan Bidasoa Turismoa","description":"Asociaci\u00f3n Tur\u00edstica Baztan-Bidasoa Turismo Elkartea","potentialAction":[{"@type":"SearchAction","target":{"@type":"EntryPoint","urlTemplate":"https:\/\/baztan-bidasoa.com\/desarrollo\/?s={search_term_string}"},"query-input":"required name=search_term_string"}],"inLanguage":"es"}]}},"_links":{"self":[{"href":"https:\/\/baztan-bidasoa.com\/desarrollo\/wp-json\/wp\/v2\/pages\/6892"}],"collection":[{"href":"https:\/\/baztan-bidasoa.com\/desarrollo\/wp-json\/wp\/v2\/pages"}],"about":[{"href":"https:\/\/baztan-bidasoa.com\/desarrollo\/wp-json\/wp\/v2\/types\/page"}],"author":[{"embeddable":true,"href":"https:\/\/baztan-bidasoa.com\/desarrollo\/wp-json\/wp\/v2\/users\/3"}],"replies":[{"embeddable":true,"href":"https:\/\/baztan-bidasoa.com\/desarrollo\/wp-json\/wp\/v2\/comments?post=6892"}],"version-history":[{"count":5,"href":"https:\/\/baztan-bidasoa.com\/desarrollo\/wp-json\/wp\/v2\/pages\/6892\/revisions"}],"predecessor-version":[{"id":19678,"href":"https:\/\/baztan-bidasoa.com\/desarrollo\/wp-json\/wp\/v2\/pages\/6892\/revisions\/19678"}],"up":[{"embeddable":true,"href":"https:\/\/baztan-bidasoa.com\/desarrollo\/wp-json\/wp\/v2\/pages\/6850"}],"wp:attachment":[{"href":"https:\/\/baztan-bidasoa.com\/desarrollo\/wp-json\/wp\/v2\/media?parent=6892"}],"curies":[{"name":"wp","href":"https:\/\/api.w.org\/{rel}","templated":true}]}}