{"id":6870,"date":"2019-12-18T07:09:55","date_gmt":"2019-12-18T07:09:55","guid":{"rendered":"https:\/\/baztan-bidasoa.com\/desarrollo\/?page_id=6870"},"modified":"2020-01-27T09:13:28","modified_gmt":"2020-01-27T09:13:28","slug":"torre-de-donamaria","status":"publish","type":"page","link":"https:\/\/baztan-bidasoa.com\/desarrollo\/que-ver\/espacios-de-arte-cultura-e-historia\/torre-de-donamaria\/","title":{"rendered":"Torre de Donamar\u00eda"},"content":{"rendered":"\t\t<div data-elementor-type=\"wp-page\" data-elementor-id=\"6870\" class=\"elementor elementor-6870\">\n\t\t\t\t\t\t<div class=\"elementor-inner\">\n\t\t\t\t<div class=\"elementor-section-wrap\">\n\t\t\t\t\t\t\t\t\t<section class=\"elementor-section elementor-top-section elementor-element elementor-element-66659a87 elementor-section-boxed elementor-section-height-default elementor-section-height-default\" data-id=\"66659a87\" data-element_type=\"section\" data-settings=\"{&quot;jet_parallax_layout_list&quot;:[{&quot;jet_parallax_layout_image&quot;:{&quot;url&quot;:&quot;&quot;,&quot;id&quot;:&quot;&quot;},&quot;_id&quot;:&quot;541adcf&quot;,&quot;jet_parallax_layout_image_tablet&quot;:{&quot;url&quot;:&quot;&quot;,&quot;id&quot;:&quot;&quot;},&quot;jet_parallax_layout_image_mobile&quot;:{&quot;url&quot;:&quot;&quot;,&quot;id&quot;:&quot;&quot;},&quot;jet_parallax_layout_speed&quot;:{&quot;unit&quot;:&quot;%&quot;,&quot;size&quot;:50,&quot;sizes&quot;:[]},&quot;jet_parallax_layout_type&quot;:&quot;scroll&quot;,&quot;jet_parallax_layout_direction&quot;:null,&quot;jet_parallax_layout_fx_direction&quot;:null,&quot;jet_parallax_layout_z_index&quot;:&quot;&quot;,&quot;jet_parallax_layout_bg_x&quot;:50,&quot;jet_parallax_layout_bg_y&quot;:50,&quot;jet_parallax_layout_bg_size&quot;:&quot;auto&quot;,&quot;jet_parallax_layout_animation_prop&quot;:&quot;transform&quot;,&quot;jet_parallax_layout_on&quot;:[&quot;desktop&quot;,&quot;tablet&quot;],&quot;jet_parallax_layout_bg_x_tablet&quot;:&quot;&quot;,&quot;jet_parallax_layout_bg_x_mobile&quot;:&quot;&quot;,&quot;jet_parallax_layout_bg_y_tablet&quot;:&quot;&quot;,&quot;jet_parallax_layout_bg_y_mobile&quot;:&quot;&quot;,&quot;jet_parallax_layout_bg_size_tablet&quot;:&quot;&quot;,&quot;jet_parallax_layout_bg_size_mobile&quot;:&quot;&quot;}]}\">\n\t\t\t\t\t\t<div class=\"elementor-container elementor-column-gap-default\">\n\t\t\t\t\t\t\t<div class=\"elementor-row\">\n\t\t\t\t\t<div class=\"elementor-column elementor-col-50 elementor-top-column elementor-element elementor-element-57a598a0\" data-id=\"57a598a0\" data-element_type=\"column\">\n\t\t\t<div class=\"elementor-column-wrap elementor-element-populated\">\n\t\t\t\t\t\t\t<div class=\"elementor-widget-wrap\">\n\t\t\t\t\t\t<div class=\"elementor-element elementor-element-590c66c5 elementor-widget elementor-widget-heading\" data-id=\"590c66c5\" data-element_type=\"widget\" data-widget_type=\"heading.default\">\n\t\t\t\t<div class=\"elementor-widget-container\">\n\t\t\t<h1 class=\"elementor-heading-title elementor-size-default\">Torre de Donamar\u00eda<\/h1>\t\t<\/div>\n\t\t\t\t<\/div>\n\t\t\t\t<div class=\"elementor-element elementor-element-389bba39 elementor-widget elementor-widget-text-editor\" data-id=\"389bba39\" data-element_type=\"widget\" data-widget_type=\"text-editor.default\">\n\t\t\t\t<div class=\"elementor-widget-container\">\n\t\t\t\t\t\t\t\t<div class=\"elementor-text-editor elementor-clearfix\">\n\t\t\t\t<h4>Historia en piedra y madera<\/h4><p>En Donamar\u00eda, Malerreka, muy cerca de Doneztebe est\u00e1 Jauregia, la casa-torre de Donamar\u00eda. Una torre de origen medieval que vigila la entrada de quienes entran y salen del pueblo, no en vano fue precisamente la de vig\u00eda su principal funci\u00f3n entre los siglos XIV y XV.<\/p><p>No pasa desapercibida su singular construcci\u00f3n: la mitad inferior del inmueble est\u00e1 levantado en piedra y la mitad superior, en madera. Es precisamente en la estructura de madera o cadalso donde reside su principal particularidad. El cadalso es un elemento t\u00edpico de las fortificaciones antiguas que sol\u00eda tener el frente y la base aspilleradas (con aberturas largas y estrechas) para hostigar al enemigo con arcos y ballestas.<\/p><p>A pesar de su car\u00e1cter defensivo, desde el siglo XVI fue utilizada como vivienda y casa de labranza. Declarada\u00a0<b>Bien de Inter\u00e9s Cultural<\/b>, en 2000 y 2001 fue sometida a un proceso de restauraci\u00f3n. Actualmente, aunque de titularidad privada, sus propietarias, las hermanas Carmen y \u00c1ngeles Peralta, han accedido a abrirla al p\u00fablico y se ofertan visitas guiadas para conocer la Historia que nos cuentan las piedras y maderas de Jauregia.<\/p>\t\t\t\t\t<\/div>\n\t\t\t\t\t\t<\/div>\n\t\t\t\t<\/div>\n\t\t\t\t<div class=\"elementor-element elementor-element-67fdcc7a elementor-skin-slideshow elementor-aspect-ratio-169 elementor-arrows-yes elementor-widget elementor-widget-media-carousel\" data-id=\"67fdcc7a\" data-element_type=\"widget\" data-settings=\"{&quot;skin&quot;:&quot;slideshow&quot;,&quot;slides_to_scroll_tablet&quot;:&quot;1&quot;,&quot;slides_to_scroll_mobile&quot;:&quot;1&quot;,&quot;effect&quot;:&quot;slide&quot;,&quot;show_arrows&quot;:&quot;yes&quot;,&quot;speed&quot;:500,&quot;autoplay&quot;:&quot;yes&quot;,&quot;autoplay_speed&quot;:5000,&quot;loop&quot;:&quot;yes&quot;,&quot;pause_on_hover&quot;:&quot;yes&quot;,&quot;pause_on_interaction&quot;:&quot;yes&quot;,&quot;space_between&quot;:{&quot;unit&quot;:&quot;px&quot;,&quot;size&quot;:10,&quot;sizes&quot;:[]},&quot;space_between_tablet&quot;:{&quot;unit&quot;:&quot;px&quot;,&quot;size&quot;:10,&quot;sizes&quot;:[]},&quot;space_between_mobile&quot;:{&quot;unit&quot;:&quot;px&quot;,&quot;size&quot;:10,&quot;sizes&quot;:[]}}\" data-widget_type=\"media-carousel.default\">\n\t\t\t\t<div class=\"elementor-widget-container\">\n\t\t\t\t\t<div class=\"elementor-swiper\">\n\t\t\t<div class=\"elementor-main-swiper swiper-container\">\n\t\t\t\t<div class=\"swiper-wrapper\">\n\t\t\t\t\t\t\t\t\t\t\t<div class=\"swiper-slide\">\n\t\t\t\t\t\t\t\t\t<div class=\"elementor-carousel-image\" style=\"background-image: url(https:\/\/baztan-bidasoa.com\/desarrollo\/wp-content\/uploads\/2019\/12\/torre-jauregia-600x400-1.jpg)\">\n\n\t\t\t\n\t\t\t\t\t<\/div>\n\t\t\t\t\t\t\t\t<\/div>\n\t\t\t\t\t\t\t\t\t<\/div>\n\t\t\t\t\t\t\t<\/div>\n\t\t<\/div>\n\t\t\t\t<\/div>\n\t\t\t\t<\/div>\n\t\t\t\t<div class=\"elementor-element elementor-element-47d5109 elementor-widget elementor-widget-text-editor\" data-id=\"47d5109\" data-element_type=\"widget\" data-widget_type=\"text-editor.default\">\n\t\t\t\t<div class=\"elementor-widget-container\">\n\t\t\t\t\t\t\t\t<div class=\"elementor-text-editor elementor-clearfix\">\n\t\t\t\t<p><strong>Visitas guiadas para grupos y particulares. Imprescindible reservar con antelaci\u00f3n. Tel\u00e9fono: 652 162 103<\/strong><\/p>\t\t\t\t\t<\/div>\n\t\t\t\t\t\t<\/div>\n\t\t\t\t<\/div>\n\t\t\t\t<div class=\"elementor-element elementor-element-26eb41ed elementor-widget elementor-widget-heading\" data-id=\"26eb41ed\" data-element_type=\"widget\" data-widget_type=\"heading.default\">\n\t\t\t\t<div class=\"elementor-widget-container\">\n\t\t\t<h3 class=\"elementor-heading-title elementor-size-default\">Contacto<\/h3>\t\t<\/div>\n\t\t\t\t<\/div>\n\t\t\t\t<div class=\"elementor-element elementor-element-13725c8e elementor-icon-list--layout-traditional elementor-list-item-link-full_width elementor-widget elementor-widget-icon-list\" data-id=\"13725c8e\" data-element_type=\"widget\" data-widget_type=\"icon-list.default\">\n\t\t\t\t<div class=\"elementor-widget-container\">\n\t\t\t\t\t<ul class=\"elementor-icon-list-items\">\n\t\t\t\t\t\t\t<li class=\"elementor-icon-list-item\">\n\t\t\t\t\t\t\t\t\t\t\t<span class=\"elementor-icon-list-icon\">\n\t\t\t\t\t\t\t<i aria-hidden=\"true\" class=\"nc-icon-outline travel_info\"><\/i>\t\t\t\t\t\t<\/span>\n\t\t\t\t\t\t\t\t\t\t<span class=\"elementor-icon-list-text\">Oficina de Turismo de Bertiz \u2013 Gobierno de Navarra.<\/span>\n\t\t\t\t\t\t\t\t\t<\/li>\n\t\t\t\t\t\t\t\t<li class=\"elementor-icon-list-item\">\n\t\t\t\t\t\t\t\t\t\t\t<a href=\"tel:948592386\">\n\n\t\t\t\t\t\t\t\t\t\t\t\t<span class=\"elementor-icon-list-icon\">\n\t\t\t\t\t\t\t<i aria-hidden=\"true\" class=\"nc-icon-outline ui-3_phone-call\"><\/i>\t\t\t\t\t\t<\/span>\n\t\t\t\t\t\t\t\t\t\t<span class=\"elementor-icon-list-text\">948 59 23 86<\/span>\n\t\t\t\t\t\t\t\t\t\t\t<\/a>\n\t\t\t\t\t\t\t\t\t<\/li>\n\t\t\t\t\t\t\t\t<li class=\"elementor-icon-list-item\">\n\t\t\t\t\t\t\t\t\t\t\t<a href=\"https:\/\/www.turismo.navarra.es\/esp\/home\/\" target=\"_blank\">\n\n\t\t\t\t\t\t\t\t\t\t\t\t<span class=\"elementor-icon-list-icon\">\n\t\t\t\t\t\t\t<i aria-hidden=\"true\" class=\"nc-icon-outline business_globe\"><\/i>\t\t\t\t\t\t<\/span>\n\t\t\t\t\t\t\t\t\t\t<span class=\"elementor-icon-list-text\">Portal de Turismo de Navarra<\/span>\n\t\t\t\t\t\t\t\t\t\t\t<\/a>\n\t\t\t\t\t\t\t\t\t<\/li>\n\t\t\t\t\t\t<\/ul>\n\t\t\t\t<\/div>\n\t\t\t\t<\/div>\n\t\t\t\t\t\t<\/div>\n\t\t\t\t\t<\/div>\n\t\t<\/div>\n\t\t\t\t<div class=\"elementor-column elementor-col-50 elementor-top-column elementor-element elementor-element-4cab3917\" data-id=\"4cab3917\" data-element_type=\"column\">\n\t\t\t<div class=\"elementor-column-wrap elementor-element-populated\">\n\t\t\t\t\t\t\t<div class=\"elementor-widget-wrap\">\n\t\t\t\t\t\t<div class=\"elementor-element elementor-element-29f3ac04 elementor-widget elementor-widget-sidebar\" data-id=\"29f3ac04\" data-element_type=\"widget\" data-widget_type=\"sidebar.default\">\n\t\t\t\t<div class=\"elementor-widget-container\">\n\t\t\t<aside id=\"elementor-library-3\" class=\"widget widget_elementor-library\">\t\t<div data-elementor-type=\"section\" data-elementor-id=\"5551\" class=\"elementor elementor-5551\">\n\t\t\t\t\t<div class=\"elementor-section-wrap\">\n\t\t\t\t\t\t\t\t<section class=\"elementor-section elementor-top-section elementor-element elementor-element-bc8de0c elementor-section-boxed elementor-section-height-default elementor-section-height-default\" data-id=\"bc8de0c\" data-element_type=\"section\" data-settings=\"{&quot;jet_parallax_layout_list&quot;:[{&quot;jet_parallax_layout_image&quot;:{&quot;url&quot;:&quot;&quot;,&quot;id&quot;:&quot;&quot;},&quot;_id&quot;:&quot;d4b65a7&quot;,&quot;jet_parallax_layout_image_tablet&quot;:{&quot;url&quot;:&quot;&quot;,&quot;id&quot;:&quot;&quot;},&quot;jet_parallax_layout_image_mobile&quot;:{&quot;url&quot;:&quot;&quot;,&quot;id&quot;:&quot;&quot;},&quot;jet_parallax_layout_speed&quot;:{&quot;unit&quot;:&quot;%&quot;,&quot;size&quot;:50,&quot;sizes&quot;:[]},&quot;jet_parallax_layout_type&quot;:&quot;scroll&quot;,&quot;jet_parallax_layout_direction&quot;:null,&quot;jet_parallax_layout_fx_direction&quot;:null,&quot;jet_parallax_layout_z_index&quot;:&quot;&quot;,&quot;jet_parallax_layout_bg_x&quot;:50,&quot;jet_parallax_layout_bg_x_tablet&quot;:&quot;&quot;,&quot;jet_parallax_layout_bg_x_mobile&quot;:&quot;&quot;,&quot;jet_parallax_layout_bg_y&quot;:50,&quot;jet_parallax_layout_bg_y_tablet&quot;:&quot;&quot;,&quot;jet_parallax_layout_bg_y_mobile&quot;:&quot;&quot;,&quot;jet_parallax_layout_bg_size&quot;:&quot;auto&quot;,&quot;jet_parallax_layout_bg_size_tablet&quot;:&quot;&quot;,&quot;jet_parallax_layout_bg_size_mobile&quot;:&quot;&quot;,&quot;jet_parallax_layout_animation_prop&quot;:&quot;transform&quot;,&quot;jet_parallax_layout_on&quot;:[&quot;desktop&quot;,&quot;tablet&quot;]}]}\">\n\t\t\t\t\t\t<div class=\"elementor-container elementor-column-gap-default\">\n\t\t\t\t\t\t\t<div class=\"elementor-row\">\n\t\t\t\t\t<div class=\"elementor-column elementor-col-100 elementor-top-column elementor-element elementor-element-572d625\" data-id=\"572d625\" data-element_type=\"column\">\n\t\t\t<div class=\"elementor-column-wrap elementor-element-populated\">\n\t\t\t\t\t\t\t<div class=\"elementor-widget-wrap\">\n\t\t\t\t\t\t<div class=\"elementor-element elementor-element-72743f5 elementor-widget elementor-widget-image\" data-id=\"72743f5\" data-element_type=\"widget\" data-widget_type=\"image.default\">\n\t\t\t\t<div class=\"elementor-widget-container\">\n\t\t\t\t\t\t\t\t<div class=\"elementor-image\">\n\t\t\t\t\t\t\t\t\t\t\t\t\t<a href=\"https:\/\/baztan-bidasoa.com\/desarrollo\/wp-content\/uploads\/2022\/03\/Bisitagidatuak-20-pala.-Eskuorria.pdf\">\n\t\t\t\t\t\t\t<img decoding=\"async\" width=\"250\" height=\"275\" src=\"https:\/\/baztan-bidasoa.com\/desarrollo\/wp-content\/uploads\/2022\/04\/BISITA-GIDATUAK.png\" class=\"attachment-large size-large\" alt=\"\" loading=\"lazy\" \/>\t\t\t\t\t\t\t\t<\/a>\n\t\t\t\t\t\t\t\t\t\t\t\t\t\t<\/div>\n\t\t\t\t\t\t<\/div>\n\t\t\t\t<\/div>\n\t\t\t\t<div class=\"elementor-element elementor-element-8f2b15a elementor-widget elementor-widget-facebook-page\" data-id=\"8f2b15a\" data-element_type=\"widget\" data-widget_type=\"facebook-page.default\">\n\t\t\t\t<div class=\"elementor-widget-container\">\n\t\t\t<div class=\"elementor-facebook-widget fb-page\" data-href=\"https:\/\/www.facebook.com\/baztanbidasoaturismo\/\" data-tabs=\"timeline\" data-height=\"475px\" data-width=\"500px\" data-small-header=\"false\" data-hide-cover=\"false\" data-show-facepile=\"true\" data-hide-cta=\"false\" style=\"min-height: 1px;height:475px\"><\/div>\t\t<\/div>\n\t\t\t\t<\/div>\n\t\t\t\t\t\t<\/div>\n\t\t\t\t\t<\/div>\n\t\t<\/div>\n\t\t\t\t\t\t\t\t<\/div>\n\t\t\t\t\t<\/div>\n\t\t<\/section>\n\t\t\t\t\t\t\t<\/div>\n\t\t\t\t<\/div>\n\t\t<\/aside>\n\t\t<aside id=\"recent-posts-1\" class=\"widget widget_recent_entries\">\n\t\t<h4 class=\"widget-title\">\u00daltimas entradas<\/h4>\n\t\t<ul>\n\t\t\t\t\t\t\t\t\t\t\t<li>\n\t\t\t\t\t<a href=\"https:\/\/baztan-bidasoa.com\/desarrollo\/regala-baztan-bidasoa-acertaras-seguro\/\">Regala Baztan-Bidasoa, acertar\u00e1s seguro<\/a>\n\t\t\t\t\t\t\t\t\t\t\t<span class=\"post-date\">diciembre 2, 2022<\/span>\n\t\t\t\t\t\t\t\t\t<\/li>\n\t\t\t\t\t\t\t\t\t\t\t<li>\n\t\t\t\t\t<a href=\"https:\/\/baztan-bidasoa.com\/desarrollo\/baztan-bidasoa-fuente-de-salud\/\">Baztan-Bidasoa, fuente de salud<\/a>\n\t\t\t\t\t\t\t\t\t\t\t<span class=\"post-date\">diciembre 2, 2022<\/span>\n\t\t\t\t\t\t\t\t\t<\/li>\n\t\t\t\t\t\t\t\t\t\t\t<li>\n\t\t\t\t\t<a href=\"https:\/\/baztan-bidasoa.com\/desarrollo\/eu\/baztan-bidasoa-osasun-iturri\/\">Baztan-Bidasoa, osasun iturri<\/a>\n\t\t\t\t\t\t\t\t\t\t\t<span class=\"post-date\">diciembre 2, 2022<\/span>\n\t\t\t\t\t\t\t\t\t<\/li>\n\t\t\t\t\t\t\t\t\t\t\t<li>\n\t\t\t\t\t<a href=\"https:\/\/baztan-bidasoa.com\/desarrollo\/concurso-fotografico-and-the-winner-is\/\">And the winner is&#8230;<\/a>\n\t\t\t\t\t\t\t\t\t\t\t<span class=\"post-date\">noviembre 15, 2022<\/span>\n\t\t\t\t\t\t\t\t\t<\/li>\n\t\t\t\t\t\t\t\t\t\t\t<li>\n\t\t\t\t\t<a href=\"https:\/\/baztan-bidasoa.com\/desarrollo\/eu\/irrisarri-landek-txondorraren-piztuera-egin-du\/\">Irrisarri Landek \u00abtxondorraren piztuera\u00bb egin du<\/a>\n\t\t\t\t\t\t\t\t\t\t\t<span class=\"post-date\">octubre 31, 2022<\/span>\n\t\t\t\t\t\t\t\t\t<\/li>\n\t\t\t\t\t<\/ul>\n\n\t\t<\/aside>\n\t\t<aside id=\"recent-posts-2\" class=\"widget widget_recent_entries\">\n\t\t<h4 class=\"widget-title\">Azken berriak<\/h4>\n\t\t<ul>\n\t\t\t\t\t\t\t\t\t\t\t<li>\n\t\t\t\t\t<a href=\"https:\/\/baztan-bidasoa.com\/desarrollo\/regala-baztan-bidasoa-acertaras-seguro\/\">Regala Baztan-Bidasoa, acertar\u00e1s seguro<\/a>\n\t\t\t\t\t\t\t\t\t<\/li>\n\t\t\t\t\t\t\t\t\t\t\t<li>\n\t\t\t\t\t<a href=\"https:\/\/baztan-bidasoa.com\/desarrollo\/baztan-bidasoa-fuente-de-salud\/\">Baztan-Bidasoa, fuente de salud<\/a>\n\t\t\t\t\t\t\t\t\t<\/li>\n\t\t\t\t\t\t\t\t\t\t\t<li>\n\t\t\t\t\t<a href=\"https:\/\/baztan-bidasoa.com\/desarrollo\/eu\/baztan-bidasoa-osasun-iturri\/\">Baztan-Bidasoa, osasun iturri<\/a>\n\t\t\t\t\t\t\t\t\t<\/li>\n\t\t\t\t\t\t\t\t\t\t\t<li>\n\t\t\t\t\t<a href=\"https:\/\/baztan-bidasoa.com\/desarrollo\/concurso-fotografico-and-the-winner-is\/\">And the winner is&#8230;<\/a>\n\t\t\t\t\t\t\t\t\t<\/li>\n\t\t\t\t\t\t\t\t\t\t\t<li>\n\t\t\t\t\t<a href=\"https:\/\/baztan-bidasoa.com\/desarrollo\/eu\/irrisarri-landek-txondorraren-piztuera-egin-du\/\">Irrisarri Landek \u00abtxondorraren piztuera\u00bb egin du<\/a>\n\t\t\t\t\t\t\t\t\t<\/li>\n\t\t\t\t\t<\/ul>\n\n\t\t<\/aside>\t\t<\/div>\n\t\t\t\t<\/div>\n\t\t\t\t\t\t<\/div>\n\t\t\t\t\t<\/div>\n\t\t<\/div>\n\t\t\t\t\t\t\t\t<\/div>\n\t\t\t\t\t<\/div>\n\t\t<\/section>\n\t\t\t\t\t\t\t\t\t<\/div>\n\t\t\t<\/div>\n\t\t\t\t\t<\/div>\n\t\t","protected":false},"excerpt":{"rendered":"<p>Torre de Donamar\u00eda Historia en piedra y madera En Donamar\u00eda, Malerreka, muy cerca de Doneztebe est\u00e1 Jauregia, la casa-torre de Donamar\u00eda. Una torre de origen medieval que vigila la entrada de quienes entran y salen del pueblo, no en vano fue precisamente la de vig\u00eda su principal funci\u00f3n entre los siglos XIV y XV. No [&hellip;]<\/p>\n","protected":false},"author":3,"featured_media":0,"parent":6850,"menu_order":0,"comment_status":"closed","ping_status":"closed","template":"elementor_header_footer","meta":[],"acf":[],"yoast_head":"<!-- This site is optimized with the Yoast SEO plugin v19.10 - https:\/\/yoast.com\/wordpress\/plugins\/seo\/ -->\n<title>Torre de Donamar\u00eda - Baztan Bidasoa Turismoa<\/title>\n<meta name=\"robots\" content=\"index, follow, max-snippet:-1, max-image-preview:large, max-video-preview:-1\" \/>\n<link rel=\"canonical\" href=\"https:\/\/baztan-bidasoa.com\/desarrollo\/que-ver\/espacios-de-arte-cultura-e-historia\/torre-de-donamaria\/\" \/>\n<meta property=\"og:locale\" content=\"es_ES\" \/>\n<meta property=\"og:type\" content=\"article\" \/>\n<meta property=\"og:title\" content=\"Torre de Donamar\u00eda - Baztan Bidasoa Turismoa\" \/>\n<meta property=\"og:description\" content=\"Torre de Donamar\u00eda Historia en piedra y madera En Donamar\u00eda, Malerreka, muy cerca de Doneztebe est\u00e1 Jauregia, la casa-torre de Donamar\u00eda. Una torre de origen medieval que vigila la entrada de quienes entran y salen del pueblo, no en vano fue precisamente la de vig\u00eda su principal funci\u00f3n entre los siglos XIV y XV. No [&hellip;]\" \/>\n<meta property=\"og:url\" content=\"https:\/\/baztan-bidasoa.com\/desarrollo\/que-ver\/espacios-de-arte-cultura-e-historia\/torre-de-donamaria\/\" \/>\n<meta property=\"og:site_name\" content=\"Baztan Bidasoa Turismoa\" \/>\n<meta property=\"article:modified_time\" content=\"2020-01-27T09:13:28+00:00\" \/>\n<meta name=\"twitter:card\" content=\"summary_large_image\" \/>\n<meta name=\"twitter:label1\" content=\"Tiempo de lectura\" \/>\n\t<meta name=\"twitter:data1\" content=\"1 minuto\" \/>\n<script type=\"application\/ld+json\" class=\"yoast-schema-graph\">{\"@context\":\"https:\/\/schema.org\",\"@graph\":[{\"@type\":\"WebPage\",\"@id\":\"https:\/\/baztan-bidasoa.com\/desarrollo\/que-ver\/espacios-de-arte-cultura-e-historia\/torre-de-donamaria\/\",\"url\":\"https:\/\/baztan-bidasoa.com\/desarrollo\/que-ver\/espacios-de-arte-cultura-e-historia\/torre-de-donamaria\/\",\"name\":\"Torre de Donamar\u00eda - Baztan Bidasoa Turismoa\",\"isPartOf\":{\"@id\":\"https:\/\/baztan-bidasoa.com\/desarrollo\/#website\"},\"datePublished\":\"2019-12-18T07:09:55+00:00\",\"dateModified\":\"2020-01-27T09:13:28+00:00\",\"breadcrumb\":{\"@id\":\"https:\/\/baztan-bidasoa.com\/desarrollo\/que-ver\/espacios-de-arte-cultura-e-historia\/torre-de-donamaria\/#breadcrumb\"},\"inLanguage\":\"es\",\"potentialAction\":[{\"@type\":\"ReadAction\",\"target\":[\"https:\/\/baztan-bidasoa.com\/desarrollo\/que-ver\/espacios-de-arte-cultura-e-historia\/torre-de-donamaria\/\"]}]},{\"@type\":\"BreadcrumbList\",\"@id\":\"https:\/\/baztan-bidasoa.com\/desarrollo\/que-ver\/espacios-de-arte-cultura-e-historia\/torre-de-donamaria\/#breadcrumb\",\"itemListElement\":[{\"@type\":\"ListItem\",\"position\":1,\"name\":\"Portada\",\"item\":\"https:\/\/baztan-bidasoa.com\/desarrollo\/\"},{\"@type\":\"ListItem\",\"position\":2,\"name\":\"Qu\u00e9 ver\",\"item\":\"https:\/\/baztan-bidasoa.com\/desarrollo\/que-ver\/\"},{\"@type\":\"ListItem\",\"position\":3,\"name\":\"Espacios de Arte, Cultura e Historia\",\"item\":\"https:\/\/baztan-bidasoa.com\/desarrollo\/que-ver\/espacios-de-arte-cultura-e-historia\/\"},{\"@type\":\"ListItem\",\"position\":4,\"name\":\"Torre de Donamar\u00eda\"}]},{\"@type\":\"WebSite\",\"@id\":\"https:\/\/baztan-bidasoa.com\/desarrollo\/#website\",\"url\":\"https:\/\/baztan-bidasoa.com\/desarrollo\/\",\"name\":\"Baztan Bidasoa Turismoa\",\"description\":\"Asociaci\u00f3n Tur\u00edstica Baztan-Bidasoa Turismo Elkartea\",\"potentialAction\":[{\"@type\":\"SearchAction\",\"target\":{\"@type\":\"EntryPoint\",\"urlTemplate\":\"https:\/\/baztan-bidasoa.com\/desarrollo\/?s={search_term_string}\"},\"query-input\":\"required name=search_term_string\"}],\"inLanguage\":\"es\"}]}<\/script>\n<!-- \/ Yoast SEO plugin. -->","yoast_head_json":{"title":"Torre de Donamar\u00eda - Baztan Bidasoa Turismoa","robots":{"index":"index","follow":"follow","max-snippet":"max-snippet:-1","max-image-preview":"max-image-preview:large","max-video-preview":"max-video-preview:-1"},"canonical":"https:\/\/baztan-bidasoa.com\/desarrollo\/que-ver\/espacios-de-arte-cultura-e-historia\/torre-de-donamaria\/","og_locale":"es_ES","og_type":"article","og_title":"Torre de Donamar\u00eda - Baztan Bidasoa Turismoa","og_description":"Torre de Donamar\u00eda Historia en piedra y madera En Donamar\u00eda, Malerreka, muy cerca de Doneztebe est\u00e1 Jauregia, la casa-torre de Donamar\u00eda. Una torre de origen medieval que vigila la entrada de quienes entran y salen del pueblo, no en vano fue precisamente la de vig\u00eda su principal funci\u00f3n entre los siglos XIV y XV. No [&hellip;]","og_url":"https:\/\/baztan-bidasoa.com\/desarrollo\/que-ver\/espacios-de-arte-cultura-e-historia\/torre-de-donamaria\/","og_site_name":"Baztan Bidasoa Turismoa","article_modified_time":"2020-01-27T09:13:28+00:00","twitter_card":"summary_large_image","twitter_misc":{"Tiempo de lectura":"1 minuto"},"schema":{"@context":"https:\/\/schema.org","@graph":[{"@type":"WebPage","@id":"https:\/\/baztan-bidasoa.com\/desarrollo\/que-ver\/espacios-de-arte-cultura-e-historia\/torre-de-donamaria\/","url":"https:\/\/baztan-bidasoa.com\/desarrollo\/que-ver\/espacios-de-arte-cultura-e-historia\/torre-de-donamaria\/","name":"Torre de Donamar\u00eda - Baztan Bidasoa Turismoa","isPartOf":{"@id":"https:\/\/baztan-bidasoa.com\/desarrollo\/#website"},"datePublished":"2019-12-18T07:09:55+00:00","dateModified":"2020-01-27T09:13:28+00:00","breadcrumb":{"@id":"https:\/\/baztan-bidasoa.com\/desarrollo\/que-ver\/espacios-de-arte-cultura-e-historia\/torre-de-donamaria\/#breadcrumb"},"inLanguage":"es","potentialAction":[{"@type":"ReadAction","target":["https:\/\/baztan-bidasoa.com\/desarrollo\/que-ver\/espacios-de-arte-cultura-e-historia\/torre-de-donamaria\/"]}]},{"@type":"BreadcrumbList","@id":"https:\/\/baztan-bidasoa.com\/desarrollo\/que-ver\/espacios-de-arte-cultura-e-historia\/torre-de-donamaria\/#breadcrumb","itemListElement":[{"@type":"ListItem","position":1,"name":"Portada","item":"https:\/\/baztan-bidasoa.com\/desarrollo\/"},{"@type":"ListItem","position":2,"name":"Qu\u00e9 ver","item":"https:\/\/baztan-bidasoa.com\/desarrollo\/que-ver\/"},{"@type":"ListItem","position":3,"name":"Espacios de Arte, Cultura e Historia","item":"https:\/\/baztan-bidasoa.com\/desarrollo\/que-ver\/espacios-de-arte-cultura-e-historia\/"},{"@type":"ListItem","position":4,"name":"Torre de Donamar\u00eda"}]},{"@type":"WebSite","@id":"https:\/\/baztan-bidasoa.com\/desarrollo\/#website","url":"https:\/\/baztan-bidasoa.com\/desarrollo\/","name":"Baztan Bidasoa Turismoa","description":"Asociaci\u00f3n Tur\u00edstica Baztan-Bidasoa Turismo Elkartea","potentialAction":[{"@type":"SearchAction","target":{"@type":"EntryPoint","urlTemplate":"https:\/\/baztan-bidasoa.com\/desarrollo\/?s={search_term_string}"},"query-input":"required name=search_term_string"}],"inLanguage":"es"}]}},"_links":{"self":[{"href":"https:\/\/baztan-bidasoa.com\/desarrollo\/wp-json\/wp\/v2\/pages\/6870"}],"collection":[{"href":"https:\/\/baztan-bidasoa.com\/desarrollo\/wp-json\/wp\/v2\/pages"}],"about":[{"href":"https:\/\/baztan-bidasoa.com\/desarrollo\/wp-json\/wp\/v2\/types\/page"}],"author":[{"embeddable":true,"href":"https:\/\/baztan-bidasoa.com\/desarrollo\/wp-json\/wp\/v2\/users\/3"}],"replies":[{"embeddable":true,"href":"https:\/\/baztan-bidasoa.com\/desarrollo\/wp-json\/wp\/v2\/comments?post=6870"}],"version-history":[{"count":5,"href":"https:\/\/baztan-bidasoa.com\/desarrollo\/wp-json\/wp\/v2\/pages\/6870\/revisions"}],"predecessor-version":[{"id":17317,"href":"https:\/\/baztan-bidasoa.com\/desarrollo\/wp-json\/wp\/v2\/pages\/6870\/revisions\/17317"}],"up":[{"embeddable":true,"href":"https:\/\/baztan-bidasoa.com\/desarrollo\/wp-json\/wp\/v2\/pages\/6850"}],"wp:attachment":[{"href":"https:\/\/baztan-bidasoa.com\/desarrollo\/wp-json\/wp\/v2\/media?parent=6870"}],"curies":[{"name":"wp","href":"https:\/\/api.w.org\/{rel}","templated":true}]}}