{"id":5944,"date":"2019-12-11T08:45:04","date_gmt":"2019-12-11T08:45:04","guid":{"rendered":"https:\/\/baztan-bidasoa.com\/desarrollo\/?page_id=5944"},"modified":"2020-03-25T12:20:21","modified_gmt":"2020-03-25T12:20:21","slug":"leurtza","status":"publish","type":"page","link":"https:\/\/baztan-bidasoa.com\/desarrollo\/espacios-naturales\/leurtza\/","title":{"rendered":"Leurtza"},"content":{"rendered":"\t\t<div data-elementor-type=\"wp-page\" data-elementor-id=\"5944\" class=\"elementor elementor-5944\">\n\t\t\t\t\t\t<div class=\"elementor-inner\">\n\t\t\t\t<div class=\"elementor-section-wrap\">\n\t\t\t\t\t\t\t\t\t<section class=\"elementor-section elementor-top-section elementor-element elementor-element-4147cdb4 elementor-section-boxed elementor-section-height-default elementor-section-height-default\" data-id=\"4147cdb4\" data-element_type=\"section\" data-settings=\"{&quot;jet_parallax_layout_list&quot;:[{&quot;jet_parallax_layout_image&quot;:{&quot;url&quot;:&quot;&quot;,&quot;id&quot;:&quot;&quot;},&quot;_id&quot;:&quot;609e853&quot;,&quot;jet_parallax_layout_image_tablet&quot;:{&quot;url&quot;:&quot;&quot;,&quot;id&quot;:&quot;&quot;},&quot;jet_parallax_layout_image_mobile&quot;:{&quot;url&quot;:&quot;&quot;,&quot;id&quot;:&quot;&quot;},&quot;jet_parallax_layout_speed&quot;:{&quot;unit&quot;:&quot;%&quot;,&quot;size&quot;:50,&quot;sizes&quot;:[]},&quot;jet_parallax_layout_type&quot;:&quot;scroll&quot;,&quot;jet_parallax_layout_direction&quot;:null,&quot;jet_parallax_layout_fx_direction&quot;:null,&quot;jet_parallax_layout_z_index&quot;:&quot;&quot;,&quot;jet_parallax_layout_bg_x&quot;:50,&quot;jet_parallax_layout_bg_y&quot;:50,&quot;jet_parallax_layout_bg_size&quot;:&quot;auto&quot;,&quot;jet_parallax_layout_animation_prop&quot;:&quot;transform&quot;,&quot;jet_parallax_layout_on&quot;:[&quot;desktop&quot;,&quot;tablet&quot;],&quot;jet_parallax_layout_bg_x_tablet&quot;:&quot;&quot;,&quot;jet_parallax_layout_bg_x_mobile&quot;:&quot;&quot;,&quot;jet_parallax_layout_bg_y_tablet&quot;:&quot;&quot;,&quot;jet_parallax_layout_bg_y_mobile&quot;:&quot;&quot;,&quot;jet_parallax_layout_bg_size_tablet&quot;:&quot;&quot;,&quot;jet_parallax_layout_bg_size_mobile&quot;:&quot;&quot;}]}\">\n\t\t\t\t\t\t<div class=\"elementor-container elementor-column-gap-default\">\n\t\t\t\t\t\t\t<div class=\"elementor-row\">\n\t\t\t\t\t<div class=\"elementor-column elementor-col-50 elementor-top-column elementor-element elementor-element-4679a7ac\" data-id=\"4679a7ac\" data-element_type=\"column\">\n\t\t\t<div class=\"elementor-column-wrap elementor-element-populated\">\n\t\t\t\t\t\t\t<div class=\"elementor-widget-wrap\">\n\t\t\t\t\t\t<div class=\"elementor-element elementor-element-1c3aa032 elementor-widget elementor-widget-heading\" data-id=\"1c3aa032\" data-element_type=\"widget\" data-widget_type=\"heading.default\">\n\t\t\t\t<div class=\"elementor-widget-container\">\n\t\t\t<h1 class=\"elementor-heading-title elementor-size-default\">Leurtza<\/h1>\t\t<\/div>\n\t\t\t\t<\/div>\n\t\t\t\t<div class=\"elementor-element elementor-element-e1dabeb elementor-widget elementor-widget-text-editor\" data-id=\"e1dabeb\" data-element_type=\"widget\" data-widget_type=\"text-editor.default\">\n\t\t\t\t<div class=\"elementor-widget-container\">\n\t\t\t\t\t\t\t\t<div class=\"elementor-text-editor elementor-clearfix\">\n\t\t\t\t<p>En Malerreka, entre los municipios de Urrotz y Beintza-Labaien se encuentra el\u00a0<strong>\u00c1rea Natural Recreativa \u00a0de Leurtza<\/strong>, lugar paradis\u00edaco en el que destacan dos peque\u00f1os embalses en medio de un magn\u00edfico bosque de hayas. Construidos en 1920, bien merece la pena un paseo alrededor \u00a0de estos lagos; disfrutar de sus azules aguas y escuchar el croar de las ranas, pues entre la variada fauna que habita estos parajes destaca la rana bermeja.<\/p>\t\t\t\t\t<\/div>\n\t\t\t\t\t\t<\/div>\n\t\t\t\t<\/div>\n\t\t\t\t<div class=\"elementor-element elementor-element-3f24588 elementor-skin-slideshow elementor-aspect-ratio-169 elementor-arrows-yes elementor-widget elementor-widget-media-carousel\" data-id=\"3f24588\" data-element_type=\"widget\" data-settings=\"{&quot;skin&quot;:&quot;slideshow&quot;,&quot;effect&quot;:&quot;slide&quot;,&quot;show_arrows&quot;:&quot;yes&quot;,&quot;speed&quot;:500,&quot;autoplay&quot;:&quot;yes&quot;,&quot;autoplay_speed&quot;:5000,&quot;loop&quot;:&quot;yes&quot;,&quot;pause_on_hover&quot;:&quot;yes&quot;,&quot;pause_on_interaction&quot;:&quot;yes&quot;,&quot;space_between&quot;:{&quot;unit&quot;:&quot;px&quot;,&quot;size&quot;:10,&quot;sizes&quot;:[]},&quot;space_between_tablet&quot;:{&quot;unit&quot;:&quot;px&quot;,&quot;size&quot;:10,&quot;sizes&quot;:[]},&quot;space_between_mobile&quot;:{&quot;unit&quot;:&quot;px&quot;,&quot;size&quot;:10,&quot;sizes&quot;:[]}}\" data-widget_type=\"media-carousel.default\">\n\t\t\t\t<div class=\"elementor-widget-container\">\n\t\t\t\t\t<div class=\"elementor-swiper\">\n\t\t\t<div class=\"elementor-main-swiper swiper-container\">\n\t\t\t\t<div class=\"swiper-wrapper\">\n\t\t\t\t\t\t\t\t\t\t\t<div class=\"swiper-slide\">\n\t\t\t\t\t\t\t<a href=\"https:\/\/baztan-bidasoa.com\/desarrollo\/wp-content\/uploads\/2019\/12\/embalses-de-leurtza3.jpg\" data-elementor-open-lightbox=\"yes\" data-elementor-lightbox-slideshow=\"3f24588\" e-action-hash=\"#elementor-action%3Aaction%3Dlightbox%26settings%3DeyJpZCI6NTk0OSwidXJsIjoiaHR0cHM6XC9cL2JhenRhbi1iaWRhc29hLmNvbVwvZGVzYXJyb2xsb1wvd3AtY29udGVudFwvdXBsb2Fkc1wvMjAxOVwvMTJcL2VtYmFsc2VzLWRlLWxldXJ0emEzLmpwZyIsInNsaWRlc2hvdyI6IjNmMjQ1ODgifQ%3D%3D\">\t\t<div class=\"elementor-carousel-image\" style=\"background-image: url(https:\/\/baztan-bidasoa.com\/desarrollo\/wp-content\/uploads\/2019\/12\/embalses-de-leurtza3.jpg)\">\n\n\t\t\t\n\t\t\t\t\t<\/div>\n\t\t<\/a>\t\t\t\t\t\t<\/div>\n\t\t\t\t\t\t\t\t\t\t\t<div class=\"swiper-slide\">\n\t\t\t\t\t\t\t<a href=\"https:\/\/baztan-bidasoa.com\/desarrollo\/wp-content\/uploads\/2019\/12\/embalses-de-leurtza2.jpg\" data-elementor-open-lightbox=\"yes\" data-elementor-lightbox-slideshow=\"3f24588\" e-action-hash=\"#elementor-action%3Aaction%3Dlightbox%26settings%3DeyJpZCI6NTk0OCwidXJsIjoiaHR0cHM6XC9cL2JhenRhbi1iaWRhc29hLmNvbVwvZGVzYXJyb2xsb1wvd3AtY29udGVudFwvdXBsb2Fkc1wvMjAxOVwvMTJcL2VtYmFsc2VzLWRlLWxldXJ0emEyLmpwZyIsInNsaWRlc2hvdyI6IjNmMjQ1ODgifQ%3D%3D\">\t\t<div class=\"elementor-carousel-image\" style=\"background-image: url(https:\/\/baztan-bidasoa.com\/desarrollo\/wp-content\/uploads\/2019\/12\/embalses-de-leurtza2.jpg)\">\n\n\t\t\t\n\t\t\t\t\t<\/div>\n\t\t<\/a>\t\t\t\t\t\t<\/div>\n\t\t\t\t\t\t\t\t\t\t\t<div class=\"swiper-slide\">\n\t\t\t\t\t\t\t<a href=\"https:\/\/baztan-bidasoa.com\/desarrollo\/wp-content\/uploads\/2019\/12\/embalses-de-leurtza.jpg\" data-elementor-open-lightbox=\"yes\" data-elementor-lightbox-slideshow=\"3f24588\" e-action-hash=\"#elementor-action%3Aaction%3Dlightbox%26settings%3DeyJpZCI6NTk0NywidXJsIjoiaHR0cHM6XC9cL2JhenRhbi1iaWRhc29hLmNvbVwvZGVzYXJyb2xsb1wvd3AtY29udGVudFwvdXBsb2Fkc1wvMjAxOVwvMTJcL2VtYmFsc2VzLWRlLWxldXJ0emEuanBnIiwic2xpZGVzaG93IjoiM2YyNDU4OCJ9\">\t\t<div class=\"elementor-carousel-image\" style=\"background-image: url(https:\/\/baztan-bidasoa.com\/desarrollo\/wp-content\/uploads\/2019\/12\/embalses-de-leurtza.jpg)\">\n\n\t\t\t\n\t\t\t\t\t<\/div>\n\t\t<\/a>\t\t\t\t\t\t<\/div>\n\t\t\t\t\t\t\t\t\t<\/div>\n\t\t\t\t\t\t\t\t\t\t\t\t\t\t\t\t\t\t\t\t<div class=\"elementor-swiper-button elementor-swiper-button-prev\">\n\t\t\t\t\t\t\t<i aria-hidden=\"true\" class=\"eicon-chevron-left\"><\/i>\t\t\t\t\t\t\t<span class=\"elementor-screen-only\">Anterior<\/span>\n\t\t\t\t\t\t<\/div>\n\t\t\t\t\t\t<div class=\"elementor-swiper-button elementor-swiper-button-next\">\n\t\t\t\t\t\t\t<i aria-hidden=\"true\" class=\"eicon-chevron-right\"><\/i>\t\t\t\t\t\t\t<span class=\"elementor-screen-only\">Siguiente<\/span>\n\t\t\t\t\t\t<\/div>\n\t\t\t\t\t\t\t\t\t\t\t\t<\/div>\n\t\t<\/div>\n\t\t\t\t<div class=\"elementor-swiper\">\n\t\t\t<div class=\"elementor-thumbnails-swiper swiper-container\">\n\t\t\t\t<div class=\"swiper-wrapper\">\n\t\t\t\t\t\t\t\t\t\t\t<div class=\"swiper-slide\">\n\t\t\t\t\t\t\t\t\t<div class=\"elementor-fit-aspect-ratio elementor-carousel-image\" style=\"background-image: url(https:\/\/baztan-bidasoa.com\/desarrollo\/wp-content\/uploads\/2019\/12\/embalses-de-leurtza3.jpg)\">\n\n\t\t\t\n\t\t\t\t\t<\/div>\n\t\t<\/a>\t\t\t\t\t\t<\/div>\n\t\t\t\t\t\t\t\t\t\t\t<div class=\"swiper-slide\">\n\t\t\t\t\t\t\t\t\t<div class=\"elementor-fit-aspect-ratio elementor-carousel-image\" style=\"background-image: url(https:\/\/baztan-bidasoa.com\/desarrollo\/wp-content\/uploads\/2019\/12\/embalses-de-leurtza2.jpg)\">\n\n\t\t\t\n\t\t\t\t\t<\/div>\n\t\t<\/a>\t\t\t\t\t\t<\/div>\n\t\t\t\t\t\t\t\t\t\t\t<div class=\"swiper-slide\">\n\t\t\t\t\t\t\t\t\t<div class=\"elementor-fit-aspect-ratio elementor-carousel-image\" style=\"background-image: url(https:\/\/baztan-bidasoa.com\/desarrollo\/wp-content\/uploads\/2019\/12\/embalses-de-leurtza.jpg)\">\n\n\t\t\t\n\t\t\t\t\t<\/div>\n\t\t<\/a>\t\t\t\t\t\t<\/div>\n\t\t\t\t\t\t\t\t\t<\/div>\n\t\t\t\t\t\t\t\t\t\t\t\t\t\t\t\t\t\t\t\t\t<\/div>\n\t\t<\/div>\n\t\t\t\t<\/div>\n\t\t\t\t<\/div>\n\t\t\t\t<div class=\"elementor-element elementor-element-7c5c4d16 elementor-widget elementor-widget-text-editor\" data-id=\"7c5c4d16\" data-element_type=\"widget\" data-widget_type=\"text-editor.default\">\n\t\t\t\t<div class=\"elementor-widget-container\">\n\t\t\t\t\t\t\t\t<div class=\"elementor-text-editor elementor-clearfix\">\n\t\t\t\t<p>Existen\u00a0<strong>dos senderos balizados,<\/strong>\u00a0en los que se indican los puntos de inter\u00e9s: escultura de la Rana Bermeja, que nos recuerda que este peque\u00f1o anfibio es el m\u00e1s caracter\u00edstico del lugar o la plaza de la carbonera, que exalta el antiguo uso de este tipo de bosques para la producci\u00f3n de carb\u00f3n.<\/p><p><b>*sendero local se\u00f1alizado<\/b>\u00a0de 3,5 kil\u00f3metros y 60 metros de desnivel que bordea los dos embalses. Este sendero se puede completar con otro\u00a0<a href=\"http:\/\/www.turismo.navarra.es\/esp\/organice-viaje\/recurso.aspx?o=4069\">sendero se\u00f1alizado<\/a>\u00a0de 9 km. (<a href=\"http:\/\/www.turismo.navarra.es\/imgs\/rrtt\/03\/02\/01\/00\/4069DOC1.PDF\">Folleto del Sendero<\/a>)<\/p><p><b>*sendero accesible a personas con movilidad reducida\u00a0<\/b>de 2 kil\u00f3metros de longitud que rodea el embalse inferior de Leurtza. Personas invidentes: mediante traviesa izquierda y se\u00f1alizaci\u00f3n en Braille. Sillas adaptadas: el trazado est\u00e1 adaptado, pero con pendientes superiores en los accesos a la presa inferior.<\/p><p><strong>Acceso:<\/strong>\u00a0Desde Pamplona o desde Ir\u00fan, desviarse en la N-121A a Doneztebe\/Santesteban y, por la NA-4040 hasta Urrotz. Carretil asfaltado de 5 km asciende hasta los embalses de Leurtza.<\/p><p><strong>Precios:<\/strong><\/p><p>Tasa de aparcamiento desde Semana Santa hasta el final del verano, coincidiendo con el servicio de vigilancia y de informaci\u00f3n tur\u00edstica. M\u00e1s informaci\u00f3n:\u00a0 <a href=\"http:\/\/www.leurtza.es\/wp-content\/uploads\/2015\/06\/NORMAS2014.pdf\">AQU\u00cd<\/a><\/p><p><strong>Observaciones:<\/strong>\u00a0La entrada a animales dom\u00e9sticos est\u00e1 permitida siempre que vayan atados.<b><\/b><\/p><p><strong>*Curiosidades:\u00a0<\/strong>Los embalses de Leurtza son uno de los 35 recursos seleccionados en la\u00a0<a href=\"http:\/\/www.turismo.navarra.es\/esp\/organice-viaje\/recurso.aspx?o=5873\">Ruta de los Paisajes de Navarra. Agua y Miradores.<\/a><\/p>\t\t\t\t\t<\/div>\n\t\t\t\t\t\t<\/div>\n\t\t\t\t<\/div>\n\t\t\t\t\t\t<\/div>\n\t\t\t\t\t<\/div>\n\t\t<\/div>\n\t\t\t\t<div class=\"elementor-column elementor-col-50 elementor-top-column elementor-element elementor-element-590d88db\" data-id=\"590d88db\" data-element_type=\"column\">\n\t\t\t<div class=\"elementor-column-wrap elementor-element-populated\">\n\t\t\t\t\t\t\t<div class=\"elementor-widget-wrap\">\n\t\t\t\t\t\t<div class=\"elementor-element elementor-element-690b7f3e elementor-widget elementor-widget-sidebar\" data-id=\"690b7f3e\" data-element_type=\"widget\" data-widget_type=\"sidebar.default\">\n\t\t\t\t<div class=\"elementor-widget-container\">\n\t\t\t<aside id=\"elementor-library-3\" class=\"widget widget_elementor-library\">\t\t<div data-elementor-type=\"section\" data-elementor-id=\"5551\" class=\"elementor elementor-5551\">\n\t\t\t\t\t<div class=\"elementor-section-wrap\">\n\t\t\t\t\t\t\t\t<section class=\"elementor-section elementor-top-section elementor-element elementor-element-bc8de0c elementor-section-boxed elementor-section-height-default elementor-section-height-default\" data-id=\"bc8de0c\" data-element_type=\"section\" data-settings=\"{&quot;jet_parallax_layout_list&quot;:[{&quot;jet_parallax_layout_image&quot;:{&quot;url&quot;:&quot;&quot;,&quot;id&quot;:&quot;&quot;},&quot;_id&quot;:&quot;d4b65a7&quot;,&quot;jet_parallax_layout_image_tablet&quot;:{&quot;url&quot;:&quot;&quot;,&quot;id&quot;:&quot;&quot;},&quot;jet_parallax_layout_image_mobile&quot;:{&quot;url&quot;:&quot;&quot;,&quot;id&quot;:&quot;&quot;},&quot;jet_parallax_layout_speed&quot;:{&quot;unit&quot;:&quot;%&quot;,&quot;size&quot;:50,&quot;sizes&quot;:[]},&quot;jet_parallax_layout_type&quot;:&quot;scroll&quot;,&quot;jet_parallax_layout_direction&quot;:null,&quot;jet_parallax_layout_fx_direction&quot;:null,&quot;jet_parallax_layout_z_index&quot;:&quot;&quot;,&quot;jet_parallax_layout_bg_x&quot;:50,&quot;jet_parallax_layout_bg_x_tablet&quot;:&quot;&quot;,&quot;jet_parallax_layout_bg_x_mobile&quot;:&quot;&quot;,&quot;jet_parallax_layout_bg_y&quot;:50,&quot;jet_parallax_layout_bg_y_tablet&quot;:&quot;&quot;,&quot;jet_parallax_layout_bg_y_mobile&quot;:&quot;&quot;,&quot;jet_parallax_layout_bg_size&quot;:&quot;auto&quot;,&quot;jet_parallax_layout_bg_size_tablet&quot;:&quot;&quot;,&quot;jet_parallax_layout_bg_size_mobile&quot;:&quot;&quot;,&quot;jet_parallax_layout_animation_prop&quot;:&quot;transform&quot;,&quot;jet_parallax_layout_on&quot;:[&quot;desktop&quot;,&quot;tablet&quot;]}]}\">\n\t\t\t\t\t\t<div class=\"elementor-container elementor-column-gap-default\">\n\t\t\t\t\t\t\t<div class=\"elementor-row\">\n\t\t\t\t\t<div class=\"elementor-column elementor-col-100 elementor-top-column elementor-element elementor-element-572d625\" data-id=\"572d625\" data-element_type=\"column\">\n\t\t\t<div class=\"elementor-column-wrap elementor-element-populated\">\n\t\t\t\t\t\t\t<div class=\"elementor-widget-wrap\">\n\t\t\t\t\t\t<div class=\"elementor-element elementor-element-72743f5 elementor-widget elementor-widget-image\" data-id=\"72743f5\" data-element_type=\"widget\" data-widget_type=\"image.default\">\n\t\t\t\t<div class=\"elementor-widget-container\">\n\t\t\t\t\t\t\t\t<div class=\"elementor-image\">\n\t\t\t\t\t\t\t\t\t\t\t\t\t<a href=\"https:\/\/baztan-bidasoa.com\/desarrollo\/wp-content\/uploads\/2022\/03\/Bisitagidatuak-20-pala.-Eskuorria.pdf\">\n\t\t\t\t\t\t\t<img decoding=\"async\" width=\"250\" height=\"275\" src=\"https:\/\/baztan-bidasoa.com\/desarrollo\/wp-content\/uploads\/2022\/04\/BISITA-GIDATUAK.png\" class=\"attachment-large size-large\" alt=\"\" loading=\"lazy\" \/>\t\t\t\t\t\t\t\t<\/a>\n\t\t\t\t\t\t\t\t\t\t\t\t\t\t<\/div>\n\t\t\t\t\t\t<\/div>\n\t\t\t\t<\/div>\n\t\t\t\t<div class=\"elementor-element elementor-element-8f2b15a elementor-widget elementor-widget-facebook-page\" data-id=\"8f2b15a\" data-element_type=\"widget\" data-widget_type=\"facebook-page.default\">\n\t\t\t\t<div class=\"elementor-widget-container\">\n\t\t\t<div class=\"elementor-facebook-widget fb-page\" data-href=\"https:\/\/www.facebook.com\/baztanbidasoaturismo\/\" data-tabs=\"timeline\" data-height=\"475px\" data-width=\"500px\" data-small-header=\"false\" data-hide-cover=\"false\" data-show-facepile=\"true\" data-hide-cta=\"false\" style=\"min-height: 1px;height:475px\"><\/div>\t\t<\/div>\n\t\t\t\t<\/div>\n\t\t\t\t\t\t<\/div>\n\t\t\t\t\t<\/div>\n\t\t<\/div>\n\t\t\t\t\t\t\t\t<\/div>\n\t\t\t\t\t<\/div>\n\t\t<\/section>\n\t\t\t\t\t\t\t<\/div>\n\t\t\t\t<\/div>\n\t\t<\/aside>\n\t\t<aside id=\"recent-posts-1\" class=\"widget widget_recent_entries\">\n\t\t<h4 class=\"widget-title\">\u00daltimas entradas<\/h4>\n\t\t<ul>\n\t\t\t\t\t\t\t\t\t\t\t<li>\n\t\t\t\t\t<a href=\"https:\/\/baztan-bidasoa.com\/desarrollo\/regala-baztan-bidasoa-acertaras-seguro\/\">Regala Baztan-Bidasoa, acertar\u00e1s seguro<\/a>\n\t\t\t\t\t\t\t\t\t\t\t<span class=\"post-date\">diciembre 2, 2022<\/span>\n\t\t\t\t\t\t\t\t\t<\/li>\n\t\t\t\t\t\t\t\t\t\t\t<li>\n\t\t\t\t\t<a href=\"https:\/\/baztan-bidasoa.com\/desarrollo\/baztan-bidasoa-fuente-de-salud\/\">Baztan-Bidasoa, fuente de salud<\/a>\n\t\t\t\t\t\t\t\t\t\t\t<span class=\"post-date\">diciembre 2, 2022<\/span>\n\t\t\t\t\t\t\t\t\t<\/li>\n\t\t\t\t\t\t\t\t\t\t\t<li>\n\t\t\t\t\t<a href=\"https:\/\/baztan-bidasoa.com\/desarrollo\/eu\/baztan-bidasoa-osasun-iturri\/\">Baztan-Bidasoa, osasun iturri<\/a>\n\t\t\t\t\t\t\t\t\t\t\t<span class=\"post-date\">diciembre 2, 2022<\/span>\n\t\t\t\t\t\t\t\t\t<\/li>\n\t\t\t\t\t\t\t\t\t\t\t<li>\n\t\t\t\t\t<a href=\"https:\/\/baztan-bidasoa.com\/desarrollo\/concurso-fotografico-and-the-winner-is\/\">And the winner is&#8230;<\/a>\n\t\t\t\t\t\t\t\t\t\t\t<span class=\"post-date\">noviembre 15, 2022<\/span>\n\t\t\t\t\t\t\t\t\t<\/li>\n\t\t\t\t\t\t\t\t\t\t\t<li>\n\t\t\t\t\t<a href=\"https:\/\/baztan-bidasoa.com\/desarrollo\/eu\/irrisarri-landek-txondorraren-piztuera-egin-du\/\">Irrisarri Landek \u00abtxondorraren piztuera\u00bb egin du<\/a>\n\t\t\t\t\t\t\t\t\t\t\t<span class=\"post-date\">octubre 31, 2022<\/span>\n\t\t\t\t\t\t\t\t\t<\/li>\n\t\t\t\t\t<\/ul>\n\n\t\t<\/aside>\n\t\t<aside id=\"recent-posts-2\" class=\"widget widget_recent_entries\">\n\t\t<h4 class=\"widget-title\">Azken berriak<\/h4>\n\t\t<ul>\n\t\t\t\t\t\t\t\t\t\t\t<li>\n\t\t\t\t\t<a href=\"https:\/\/baztan-bidasoa.com\/desarrollo\/regala-baztan-bidasoa-acertaras-seguro\/\">Regala Baztan-Bidasoa, acertar\u00e1s seguro<\/a>\n\t\t\t\t\t\t\t\t\t<\/li>\n\t\t\t\t\t\t\t\t\t\t\t<li>\n\t\t\t\t\t<a href=\"https:\/\/baztan-bidasoa.com\/desarrollo\/baztan-bidasoa-fuente-de-salud\/\">Baztan-Bidasoa, fuente de salud<\/a>\n\t\t\t\t\t\t\t\t\t<\/li>\n\t\t\t\t\t\t\t\t\t\t\t<li>\n\t\t\t\t\t<a href=\"https:\/\/baztan-bidasoa.com\/desarrollo\/eu\/baztan-bidasoa-osasun-iturri\/\">Baztan-Bidasoa, osasun iturri<\/a>\n\t\t\t\t\t\t\t\t\t<\/li>\n\t\t\t\t\t\t\t\t\t\t\t<li>\n\t\t\t\t\t<a href=\"https:\/\/baztan-bidasoa.com\/desarrollo\/concurso-fotografico-and-the-winner-is\/\">And the winner is&#8230;<\/a>\n\t\t\t\t\t\t\t\t\t<\/li>\n\t\t\t\t\t\t\t\t\t\t\t<li>\n\t\t\t\t\t<a href=\"https:\/\/baztan-bidasoa.com\/desarrollo\/eu\/irrisarri-landek-txondorraren-piztuera-egin-du\/\">Irrisarri Landek \u00abtxondorraren piztuera\u00bb egin du<\/a>\n\t\t\t\t\t\t\t\t\t<\/li>\n\t\t\t\t\t<\/ul>\n\n\t\t<\/aside>\t\t<\/div>\n\t\t\t\t<\/div>\n\t\t\t\t\t\t<\/div>\n\t\t\t\t\t<\/div>\n\t\t<\/div>\n\t\t\t\t\t\t\t\t<\/div>\n\t\t\t\t\t<\/div>\n\t\t<\/section>\n\t\t\t\t\t\t\t\t\t<\/div>\n\t\t\t<\/div>\n\t\t\t\t\t<\/div>\n\t\t","protected":false},"excerpt":{"rendered":"<p>Leurtza En Malerreka, entre los municipios de Urrotz y Beintza-Labaien se encuentra el\u00a0\u00c1rea Natural Recreativa \u00a0de Leurtza, lugar paradis\u00edaco en el que destacan dos peque\u00f1os embalses en medio de un magn\u00edfico bosque de hayas. Construidos en 1920, bien merece la pena un paseo alrededor \u00a0de estos lagos; disfrutar de sus azules aguas y escuchar el [&hellip;]<\/p>\n","protected":false},"author":3,"featured_media":0,"parent":5433,"menu_order":0,"comment_status":"closed","ping_status":"closed","template":"elementor_header_footer","meta":[],"acf":[],"yoast_head":"<!-- This site is optimized with the Yoast SEO plugin v19.10 - https:\/\/yoast.com\/wordpress\/plugins\/seo\/ -->\n<title>Leurtza - Baztan Bidasoa Turismoa<\/title>\n<meta name=\"robots\" content=\"index, follow, max-snippet:-1, max-image-preview:large, max-video-preview:-1\" \/>\n<link rel=\"canonical\" href=\"https:\/\/baztan-bidasoa.com\/desarrollo\/espacios-naturales\/leurtza\/\" \/>\n<meta property=\"og:locale\" content=\"es_ES\" \/>\n<meta property=\"og:type\" content=\"article\" \/>\n<meta property=\"og:title\" content=\"Leurtza - Baztan Bidasoa Turismoa\" \/>\n<meta property=\"og:description\" content=\"Leurtza En Malerreka, entre los municipios de Urrotz y Beintza-Labaien se encuentra el\u00a0\u00c1rea Natural Recreativa \u00a0de Leurtza, lugar paradis\u00edaco en el que destacan dos peque\u00f1os embalses en medio de un magn\u00edfico bosque de hayas. Construidos en 1920, bien merece la pena un paseo alrededor \u00a0de estos lagos; disfrutar de sus azules aguas y escuchar el [&hellip;]\" \/>\n<meta property=\"og:url\" content=\"https:\/\/baztan-bidasoa.com\/desarrollo\/espacios-naturales\/leurtza\/\" \/>\n<meta property=\"og:site_name\" content=\"Baztan Bidasoa Turismoa\" \/>\n<meta property=\"article:modified_time\" content=\"2020-03-25T12:20:21+00:00\" \/>\n<meta name=\"twitter:card\" content=\"summary_large_image\" \/>\n<meta name=\"twitter:label1\" content=\"Tiempo de lectura\" \/>\n\t<meta name=\"twitter:data1\" content=\"2 minutos\" \/>\n<script type=\"application\/ld+json\" class=\"yoast-schema-graph\">{\"@context\":\"https:\/\/schema.org\",\"@graph\":[{\"@type\":\"WebPage\",\"@id\":\"https:\/\/baztan-bidasoa.com\/desarrollo\/espacios-naturales\/leurtza\/\",\"url\":\"https:\/\/baztan-bidasoa.com\/desarrollo\/espacios-naturales\/leurtza\/\",\"name\":\"Leurtza - Baztan Bidasoa Turismoa\",\"isPartOf\":{\"@id\":\"https:\/\/baztan-bidasoa.com\/desarrollo\/#website\"},\"datePublished\":\"2019-12-11T08:45:04+00:00\",\"dateModified\":\"2020-03-25T12:20:21+00:00\",\"breadcrumb\":{\"@id\":\"https:\/\/baztan-bidasoa.com\/desarrollo\/espacios-naturales\/leurtza\/#breadcrumb\"},\"inLanguage\":\"es\",\"potentialAction\":[{\"@type\":\"ReadAction\",\"target\":[\"https:\/\/baztan-bidasoa.com\/desarrollo\/espacios-naturales\/leurtza\/\"]}]},{\"@type\":\"BreadcrumbList\",\"@id\":\"https:\/\/baztan-bidasoa.com\/desarrollo\/espacios-naturales\/leurtza\/#breadcrumb\",\"itemListElement\":[{\"@type\":\"ListItem\",\"position\":1,\"name\":\"Portada\",\"item\":\"https:\/\/baztan-bidasoa.com\/desarrollo\/\"},{\"@type\":\"ListItem\",\"position\":2,\"name\":\"Espacios naturales\",\"item\":\"https:\/\/baztan-bidasoa.com\/desarrollo\/espacios-naturales\/\"},{\"@type\":\"ListItem\",\"position\":3,\"name\":\"Leurtza\"}]},{\"@type\":\"WebSite\",\"@id\":\"https:\/\/baztan-bidasoa.com\/desarrollo\/#website\",\"url\":\"https:\/\/baztan-bidasoa.com\/desarrollo\/\",\"name\":\"Baztan Bidasoa Turismoa\",\"description\":\"Asociaci\u00f3n Tur\u00edstica Baztan-Bidasoa Turismo Elkartea\",\"potentialAction\":[{\"@type\":\"SearchAction\",\"target\":{\"@type\":\"EntryPoint\",\"urlTemplate\":\"https:\/\/baztan-bidasoa.com\/desarrollo\/?s={search_term_string}\"},\"query-input\":\"required name=search_term_string\"}],\"inLanguage\":\"es\"}]}<\/script>\n<!-- \/ Yoast SEO plugin. -->","yoast_head_json":{"title":"Leurtza - Baztan Bidasoa Turismoa","robots":{"index":"index","follow":"follow","max-snippet":"max-snippet:-1","max-image-preview":"max-image-preview:large","max-video-preview":"max-video-preview:-1"},"canonical":"https:\/\/baztan-bidasoa.com\/desarrollo\/espacios-naturales\/leurtza\/","og_locale":"es_ES","og_type":"article","og_title":"Leurtza - Baztan Bidasoa Turismoa","og_description":"Leurtza En Malerreka, entre los municipios de Urrotz y Beintza-Labaien se encuentra el\u00a0\u00c1rea Natural Recreativa \u00a0de Leurtza, lugar paradis\u00edaco en el que destacan dos peque\u00f1os embalses en medio de un magn\u00edfico bosque de hayas. Construidos en 1920, bien merece la pena un paseo alrededor \u00a0de estos lagos; disfrutar de sus azules aguas y escuchar el [&hellip;]","og_url":"https:\/\/baztan-bidasoa.com\/desarrollo\/espacios-naturales\/leurtza\/","og_site_name":"Baztan Bidasoa Turismoa","article_modified_time":"2020-03-25T12:20:21+00:00","twitter_card":"summary_large_image","twitter_misc":{"Tiempo de lectura":"2 minutos"},"schema":{"@context":"https:\/\/schema.org","@graph":[{"@type":"WebPage","@id":"https:\/\/baztan-bidasoa.com\/desarrollo\/espacios-naturales\/leurtza\/","url":"https:\/\/baztan-bidasoa.com\/desarrollo\/espacios-naturales\/leurtza\/","name":"Leurtza - Baztan Bidasoa Turismoa","isPartOf":{"@id":"https:\/\/baztan-bidasoa.com\/desarrollo\/#website"},"datePublished":"2019-12-11T08:45:04+00:00","dateModified":"2020-03-25T12:20:21+00:00","breadcrumb":{"@id":"https:\/\/baztan-bidasoa.com\/desarrollo\/espacios-naturales\/leurtza\/#breadcrumb"},"inLanguage":"es","potentialAction":[{"@type":"ReadAction","target":["https:\/\/baztan-bidasoa.com\/desarrollo\/espacios-naturales\/leurtza\/"]}]},{"@type":"BreadcrumbList","@id":"https:\/\/baztan-bidasoa.com\/desarrollo\/espacios-naturales\/leurtza\/#breadcrumb","itemListElement":[{"@type":"ListItem","position":1,"name":"Portada","item":"https:\/\/baztan-bidasoa.com\/desarrollo\/"},{"@type":"ListItem","position":2,"name":"Espacios naturales","item":"https:\/\/baztan-bidasoa.com\/desarrollo\/espacios-naturales\/"},{"@type":"ListItem","position":3,"name":"Leurtza"}]},{"@type":"WebSite","@id":"https:\/\/baztan-bidasoa.com\/desarrollo\/#website","url":"https:\/\/baztan-bidasoa.com\/desarrollo\/","name":"Baztan Bidasoa Turismoa","description":"Asociaci\u00f3n Tur\u00edstica Baztan-Bidasoa Turismo Elkartea","potentialAction":[{"@type":"SearchAction","target":{"@type":"EntryPoint","urlTemplate":"https:\/\/baztan-bidasoa.com\/desarrollo\/?s={search_term_string}"},"query-input":"required name=search_term_string"}],"inLanguage":"es"}]}},"_links":{"self":[{"href":"https:\/\/baztan-bidasoa.com\/desarrollo\/wp-json\/wp\/v2\/pages\/5944"}],"collection":[{"href":"https:\/\/baztan-bidasoa.com\/desarrollo\/wp-json\/wp\/v2\/pages"}],"about":[{"href":"https:\/\/baztan-bidasoa.com\/desarrollo\/wp-json\/wp\/v2\/types\/page"}],"author":[{"embeddable":true,"href":"https:\/\/baztan-bidasoa.com\/desarrollo\/wp-json\/wp\/v2\/users\/3"}],"replies":[{"embeddable":true,"href":"https:\/\/baztan-bidasoa.com\/desarrollo\/wp-json\/wp\/v2\/comments?post=5944"}],"version-history":[{"count":5,"href":"https:\/\/baztan-bidasoa.com\/desarrollo\/wp-json\/wp\/v2\/pages\/5944\/revisions"}],"predecessor-version":[{"id":19824,"href":"https:\/\/baztan-bidasoa.com\/desarrollo\/wp-json\/wp\/v2\/pages\/5944\/revisions\/19824"}],"up":[{"embeddable":true,"href":"https:\/\/baztan-bidasoa.com\/desarrollo\/wp-json\/wp\/v2\/pages\/5433"}],"wp:attachment":[{"href":"https:\/\/baztan-bidasoa.com\/desarrollo\/wp-json\/wp\/v2\/media?parent=5944"}],"curies":[{"name":"wp","href":"https:\/\/api.w.org\/{rel}","templated":true}]}}