{"id":18115,"date":"2020-02-06T11:11:16","date_gmt":"2020-02-06T11:11:16","guid":{"rendered":"https:\/\/baztan-bidasoa.com\/desarrollo\/?page_id=18115"},"modified":"2020-02-06T11:12:28","modified_gmt":"2020-02-06T11:12:28","slug":"proteccion-de-datos","status":"publish","type":"page","link":"https:\/\/baztan-bidasoa.com\/desarrollo\/proteccion-de-datos\/","title":{"rendered":"Protecci\u00f3n de datos"},"content":{"rendered":"\t\t<div data-elementor-type=\"wp-page\" data-elementor-id=\"18115\" class=\"elementor elementor-18115\">\n\t\t\t\t\t\t<div class=\"elementor-inner\">\n\t\t\t\t<div class=\"elementor-section-wrap\">\n\t\t\t\t\t\t\t\t\t<section class=\"elementor-section elementor-top-section elementor-element elementor-element-6dee0d3 elementor-section-boxed elementor-section-height-default elementor-section-height-default\" data-id=\"6dee0d3\" data-element_type=\"section\" data-settings=\"{&quot;jet_parallax_layout_list&quot;:[{&quot;jet_parallax_layout_image&quot;:{&quot;url&quot;:&quot;&quot;,&quot;id&quot;:&quot;&quot;},&quot;_id&quot;:&quot;896c89b&quot;,&quot;jet_parallax_layout_image_tablet&quot;:{&quot;url&quot;:&quot;&quot;,&quot;id&quot;:&quot;&quot;},&quot;jet_parallax_layout_image_mobile&quot;:{&quot;url&quot;:&quot;&quot;,&quot;id&quot;:&quot;&quot;},&quot;jet_parallax_layout_speed&quot;:{&quot;unit&quot;:&quot;%&quot;,&quot;size&quot;:50,&quot;sizes&quot;:[]},&quot;jet_parallax_layout_type&quot;:&quot;scroll&quot;,&quot;jet_parallax_layout_direction&quot;:null,&quot;jet_parallax_layout_fx_direction&quot;:null,&quot;jet_parallax_layout_z_index&quot;:&quot;&quot;,&quot;jet_parallax_layout_bg_x&quot;:50,&quot;jet_parallax_layout_bg_y&quot;:50,&quot;jet_parallax_layout_bg_size&quot;:&quot;auto&quot;,&quot;jet_parallax_layout_animation_prop&quot;:&quot;transform&quot;,&quot;jet_parallax_layout_on&quot;:[&quot;desktop&quot;,&quot;tablet&quot;],&quot;jet_parallax_layout_bg_x_tablet&quot;:&quot;&quot;,&quot;jet_parallax_layout_bg_x_mobile&quot;:&quot;&quot;,&quot;jet_parallax_layout_bg_y_tablet&quot;:&quot;&quot;,&quot;jet_parallax_layout_bg_y_mobile&quot;:&quot;&quot;,&quot;jet_parallax_layout_bg_size_tablet&quot;:&quot;&quot;,&quot;jet_parallax_layout_bg_size_mobile&quot;:&quot;&quot;}]}\">\n\t\t\t\t\t\t<div class=\"elementor-container elementor-column-gap-default\">\n\t\t\t\t\t\t\t<div class=\"elementor-row\">\n\t\t\t\t\t<div class=\"elementor-column elementor-col-100 elementor-top-column elementor-element elementor-element-819e80c\" data-id=\"819e80c\" data-element_type=\"column\">\n\t\t\t<div class=\"elementor-column-wrap elementor-element-populated\">\n\t\t\t\t\t\t\t<div class=\"elementor-widget-wrap\">\n\t\t\t\t\t\t<div class=\"elementor-element elementor-element-0740521 elementor-widget elementor-widget-text-editor\" data-id=\"0740521\" data-element_type=\"widget\" data-widget_type=\"text-editor.default\">\n\t\t\t\t<div class=\"elementor-widget-container\">\n\t\t\t\t\t\t\t\t<div class=\"elementor-text-editor elementor-clearfix\">\n\t\t\t\t<p><strong>ASOCIACI\u00d3N TUR\u00cdSTICA BAZTAN-BIDASOA TURISMO ELKARTEA<\/strong>, con domicilio social sito en CENTRO DE TURISMO RURAL DE BERTIZ, 31720 OIEREGI (NAVARRA), es la titular de la base de datos.<\/p><p>Todos los datos facilitados a trav\u00e9s de formularios electr\u00f3nicos y\/o mediante correo electr\u00f3nico ser\u00e1n tratados con estricta confidencialidad de acuerdo con la Ley org\u00e1nica 15\/1.999, de 13 de diciembre, de Protecci\u00f3n de Datos de Car\u00e1cter Personal, y le informamos que tiene usted derecho de acceso al fichero, rectificaci\u00f3n y cancelaci\u00f3n de sus datos, pudiendo ejercitar tales derechos enviando por escrito una solicitud a la direcci\u00f3n CENTRO DE TURISMO RURAL DE BERTIZ, 21720 OIEREGI (NAVARRA).<\/p><p>Los datos solicitados son los estrictamente necesarios para la correcta identificaci\u00f3n del remitente, llevar a cabo tareas b\u00e1sicas de administraci\u00f3n y gesti\u00f3n.\u00a0<strong>ASOCIACI\u00d3N TUR\u00cdSTICA BAZTAN-BIDASOA TURISMO ELKARTEA\u00a0<\/strong>insiste en su compromiso de uso responsable y confidencial de los datos, garantizando que los datos de los usuarios se tratar\u00e1n de acuerdo con las exigencias legales, y ue tan s\u00f3lo ser\u00e1n utilizados por\u00a0<strong>ASOCIACI\u00d3N TUR\u00cdSTICA BAZTAN-BIDASOA TURISMO ELKARTEA\u00a0<\/strong>y las empresas de su entorno de servicios con el prop\u00f3sito indicado.<\/p><p>Los datos recabados son los adecuados, pertinentes y no excesivos en relaci\u00f3n con el \u00e1mbito y finalidades descritos. El usuario responder\u00e1, en cualquier caso, de la veracidad de los datos facilitados, reserv\u00e1ndose\u00a0<strong>ASOCIACI\u00d3N TUR\u00cdSTICA BAZTAN-BIDASOA TURISMO ELKARTEA<\/strong>\u00a0el derecho a excluir de los servicios registrados a todo usuario que haya facilitado datos falsos, sin perjuicio de las dem\u00e1s acciones que procedan en Derecho.<\/p><p>Mediante el env\u00edo de cualquier formulario existente en estas p\u00e1ginas Web o mediante el env\u00edo de un mensaje de correo electr\u00f3nico, el remitente presta su consentimiento al tratamiento automatizado de los datos incluidos en el mismo. En cualquier caso, los datos facilitados no ser\u00e1n objeto de cesi\u00f3n a terceros.<\/p>\t\t\t\t\t<\/div>\n\t\t\t\t\t\t<\/div>\n\t\t\t\t<\/div>\n\t\t\t\t\t\t<\/div>\n\t\t\t\t\t<\/div>\n\t\t<\/div>\n\t\t\t\t\t\t\t\t<\/div>\n\t\t\t\t\t<\/div>\n\t\t<\/section>\n\t\t\t\t\t\t\t\t\t<\/div>\n\t\t\t<\/div>\n\t\t\t\t\t<\/div>\n\t\t","protected":false},"excerpt":{"rendered":"<p>ASOCIACI\u00d3N TUR\u00cdSTICA BAZTAN-BIDASOA TURISMO ELKARTEA, con domicilio social sito en CENTRO DE TURISMO RURAL DE BERTIZ, 31720 OIEREGI (NAVARRA), es la titular de la base de datos. Todos los datos facilitados a trav\u00e9s de formularios electr\u00f3nicos y\/o mediante correo electr\u00f3nico ser\u00e1n tratados con estricta confidencialidad de acuerdo con la Ley org\u00e1nica 15\/1.999, de 13 de [&hellip;]<\/p>\n","protected":false},"author":3,"featured_media":0,"parent":0,"menu_order":0,"comment_status":"closed","ping_status":"closed","template":"","meta":[],"acf":[],"yoast_head":"<!-- This site is optimized with the Yoast SEO plugin v19.10 - https:\/\/yoast.com\/wordpress\/plugins\/seo\/ -->\n<title>Protecci\u00f3n de datos - Baztan Bidasoa Turismoa<\/title>\n<meta name=\"robots\" content=\"index, follow, max-snippet:-1, max-image-preview:large, max-video-preview:-1\" \/>\n<link rel=\"canonical\" href=\"https:\/\/baztan-bidasoa.com\/desarrollo\/proteccion-de-datos\/\" \/>\n<meta property=\"og:locale\" content=\"es_ES\" \/>\n<meta property=\"og:type\" content=\"article\" \/>\n<meta property=\"og:title\" content=\"Protecci\u00f3n de datos - Baztan Bidasoa Turismoa\" \/>\n<meta property=\"og:description\" content=\"ASOCIACI\u00d3N TUR\u00cdSTICA BAZTAN-BIDASOA TURISMO ELKARTEA, con domicilio social sito en CENTRO DE TURISMO RURAL DE BERTIZ, 31720 OIEREGI (NAVARRA), es la titular de la base de datos. Todos los datos facilitados a trav\u00e9s de formularios electr\u00f3nicos y\/o mediante correo electr\u00f3nico ser\u00e1n tratados con estricta confidencialidad de acuerdo con la Ley org\u00e1nica 15\/1.999, de 13 de [&hellip;]\" \/>\n<meta property=\"og:url\" content=\"https:\/\/baztan-bidasoa.com\/desarrollo\/proteccion-de-datos\/\" \/>\n<meta property=\"og:site_name\" content=\"Baztan Bidasoa Turismoa\" \/>\n<meta property=\"article:modified_time\" content=\"2020-02-06T11:12:28+00:00\" \/>\n<meta name=\"twitter:card\" content=\"summary_large_image\" \/>\n<meta name=\"twitter:label1\" content=\"Tiempo de lectura\" \/>\n\t<meta name=\"twitter:data1\" content=\"2 minutos\" \/>\n<script type=\"application\/ld+json\" class=\"yoast-schema-graph\">{\"@context\":\"https:\/\/schema.org\",\"@graph\":[{\"@type\":\"WebPage\",\"@id\":\"https:\/\/baztan-bidasoa.com\/desarrollo\/proteccion-de-datos\/\",\"url\":\"https:\/\/baztan-bidasoa.com\/desarrollo\/proteccion-de-datos\/\",\"name\":\"Protecci\u00f3n de datos - Baztan Bidasoa Turismoa\",\"isPartOf\":{\"@id\":\"https:\/\/baztan-bidasoa.com\/desarrollo\/#website\"},\"datePublished\":\"2020-02-06T11:11:16+00:00\",\"dateModified\":\"2020-02-06T11:12:28+00:00\",\"breadcrumb\":{\"@id\":\"https:\/\/baztan-bidasoa.com\/desarrollo\/proteccion-de-datos\/#breadcrumb\"},\"inLanguage\":\"es\",\"potentialAction\":[{\"@type\":\"ReadAction\",\"target\":[\"https:\/\/baztan-bidasoa.com\/desarrollo\/proteccion-de-datos\/\"]}]},{\"@type\":\"BreadcrumbList\",\"@id\":\"https:\/\/baztan-bidasoa.com\/desarrollo\/proteccion-de-datos\/#breadcrumb\",\"itemListElement\":[{\"@type\":\"ListItem\",\"position\":1,\"name\":\"Portada\",\"item\":\"https:\/\/baztan-bidasoa.com\/desarrollo\/\"},{\"@type\":\"ListItem\",\"position\":2,\"name\":\"Protecci\u00f3n de datos\"}]},{\"@type\":\"WebSite\",\"@id\":\"https:\/\/baztan-bidasoa.com\/desarrollo\/#website\",\"url\":\"https:\/\/baztan-bidasoa.com\/desarrollo\/\",\"name\":\"Baztan Bidasoa Turismoa\",\"description\":\"Asociaci\u00f3n Tur\u00edstica Baztan-Bidasoa Turismo Elkartea\",\"potentialAction\":[{\"@type\":\"SearchAction\",\"target\":{\"@type\":\"EntryPoint\",\"urlTemplate\":\"https:\/\/baztan-bidasoa.com\/desarrollo\/?s={search_term_string}\"},\"query-input\":\"required name=search_term_string\"}],\"inLanguage\":\"es\"}]}<\/script>\n<!-- \/ Yoast SEO plugin. -->","yoast_head_json":{"title":"Protecci\u00f3n de datos - Baztan Bidasoa Turismoa","robots":{"index":"index","follow":"follow","max-snippet":"max-snippet:-1","max-image-preview":"max-image-preview:large","max-video-preview":"max-video-preview:-1"},"canonical":"https:\/\/baztan-bidasoa.com\/desarrollo\/proteccion-de-datos\/","og_locale":"es_ES","og_type":"article","og_title":"Protecci\u00f3n de datos - Baztan Bidasoa Turismoa","og_description":"ASOCIACI\u00d3N TUR\u00cdSTICA BAZTAN-BIDASOA TURISMO ELKARTEA, con domicilio social sito en CENTRO DE TURISMO RURAL DE BERTIZ, 31720 OIEREGI (NAVARRA), es la titular de la base de datos. Todos los datos facilitados a trav\u00e9s de formularios electr\u00f3nicos y\/o mediante correo electr\u00f3nico ser\u00e1n tratados con estricta confidencialidad de acuerdo con la Ley org\u00e1nica 15\/1.999, de 13 de [&hellip;]","og_url":"https:\/\/baztan-bidasoa.com\/desarrollo\/proteccion-de-datos\/","og_site_name":"Baztan Bidasoa Turismoa","article_modified_time":"2020-02-06T11:12:28+00:00","twitter_card":"summary_large_image","twitter_misc":{"Tiempo de lectura":"2 minutos"},"schema":{"@context":"https:\/\/schema.org","@graph":[{"@type":"WebPage","@id":"https:\/\/baztan-bidasoa.com\/desarrollo\/proteccion-de-datos\/","url":"https:\/\/baztan-bidasoa.com\/desarrollo\/proteccion-de-datos\/","name":"Protecci\u00f3n de datos - Baztan Bidasoa Turismoa","isPartOf":{"@id":"https:\/\/baztan-bidasoa.com\/desarrollo\/#website"},"datePublished":"2020-02-06T11:11:16+00:00","dateModified":"2020-02-06T11:12:28+00:00","breadcrumb":{"@id":"https:\/\/baztan-bidasoa.com\/desarrollo\/proteccion-de-datos\/#breadcrumb"},"inLanguage":"es","potentialAction":[{"@type":"ReadAction","target":["https:\/\/baztan-bidasoa.com\/desarrollo\/proteccion-de-datos\/"]}]},{"@type":"BreadcrumbList","@id":"https:\/\/baztan-bidasoa.com\/desarrollo\/proteccion-de-datos\/#breadcrumb","itemListElement":[{"@type":"ListItem","position":1,"name":"Portada","item":"https:\/\/baztan-bidasoa.com\/desarrollo\/"},{"@type":"ListItem","position":2,"name":"Protecci\u00f3n de datos"}]},{"@type":"WebSite","@id":"https:\/\/baztan-bidasoa.com\/desarrollo\/#website","url":"https:\/\/baztan-bidasoa.com\/desarrollo\/","name":"Baztan Bidasoa Turismoa","description":"Asociaci\u00f3n Tur\u00edstica Baztan-Bidasoa Turismo Elkartea","potentialAction":[{"@type":"SearchAction","target":{"@type":"EntryPoint","urlTemplate":"https:\/\/baztan-bidasoa.com\/desarrollo\/?s={search_term_string}"},"query-input":"required name=search_term_string"}],"inLanguage":"es"}]}},"_links":{"self":[{"href":"https:\/\/baztan-bidasoa.com\/desarrollo\/wp-json\/wp\/v2\/pages\/18115"}],"collection":[{"href":"https:\/\/baztan-bidasoa.com\/desarrollo\/wp-json\/wp\/v2\/pages"}],"about":[{"href":"https:\/\/baztan-bidasoa.com\/desarrollo\/wp-json\/wp\/v2\/types\/page"}],"author":[{"embeddable":true,"href":"https:\/\/baztan-bidasoa.com\/desarrollo\/wp-json\/wp\/v2\/users\/3"}],"replies":[{"embeddable":true,"href":"https:\/\/baztan-bidasoa.com\/desarrollo\/wp-json\/wp\/v2\/comments?post=18115"}],"version-history":[{"count":2,"href":"https:\/\/baztan-bidasoa.com\/desarrollo\/wp-json\/wp\/v2\/pages\/18115\/revisions"}],"predecessor-version":[{"id":18117,"href":"https:\/\/baztan-bidasoa.com\/desarrollo\/wp-json\/wp\/v2\/pages\/18115\/revisions\/18117"}],"wp:attachment":[{"href":"https:\/\/baztan-bidasoa.com\/desarrollo\/wp-json\/wp\/v2\/media?parent=18115"}],"curies":[{"name":"wp","href":"https:\/\/api.w.org\/{rel}","templated":true}]}}